{"id":362,"date":"2021-05-07T14:07:11","date_gmt":"2021-05-07T16:07:11","guid":{"rendered":"https:\/\/gtctrade.com\/?page_id=362"},"modified":"2022-09-21T14:53:14","modified_gmt":"2022-09-21T11:53:14","slug":"kalite-2","status":"publish","type":"page","link":"https:\/\/gtctrade.com\/en\/kalite-2\/","title":{"rendered":"Kalite"},"content":{"rendered":"<section class=\"wpb-content-wrapper\"><p>[vc_row full_width=&#8221;stretch_row_content_no_spaces&#8221;][vc_column]\n\t\t\t<!-- START kaliteen 1 REVOLUTION SLIDER 16.6.20 --><p class=\"rs-p-wp-fix\"><\/p>\n\t\t\t<rs-module-wrap id=\"rev_slider_19_1_wrapper\" data-source=\"gallery\" style=\"visibility:hidden;background:#ffffff;padding:none;margin:0px auto;margin-top:0;margin-bottom:0;\">\n\t\t\t\t<rs-module id=\"rev_slider_19_1\" style=\"\" data-version=\"16.6.20\">\n\t\t\t\t\t<rs-slides style=\"overflow: hidden; position: absolute;\">\n\t\t\t\t\t\t<rs-slide style=\"position: absolute;\" data-key=\"rs-24\" data-title=\"Slide\" data-anim=\"ms:1000;r:0;\" data-in=\"o:0;\" data-out=\"a:false;\" id=\"akilli-santraller\">\n\t\t\t\t\t\t\t<img decoding=\"async\" src=\"\/\/gtctrade.com\/wp-content\/plugins\/revslider\/public\/assets\/assets\/dummy.png\" alt=\"\" title=\"Kalite\" class=\"rev-slidebg tp-rs-img rs-lazyload\" data-lazyload=\"\/\/gtctrade.com\/wp-content\/plugins\/revslider\/public\/assets\/assets\/transparent.png\" data-no-retina>\n\t\t\t\t\t\t\t<rs-bgvideo \n\t\t\t\t\t\t\t\tdata-video=\"w:100%;h:100%;nse:false;l:true;ptimer:false;vfc:true;\"\n\t\t\t\t\t\t\t\tdata-mp4=\"\/\/gtctrade.com\/wp-content\/uploads\/2021\/07\/kalite-3.mp4\"\n\t\t\t\t\t\t\t><\/rs-bgvideo>\n<!---->\t\t\t\t\t\t<\/rs-slide>\n\t\t\t\t\t<\/rs-slides>\n\t\t\t\t<\/rs-module>\n\t\t\t\t<script>\n\t\t\t\t\tsetREVStartSize({c: 'rev_slider_19_1',rl:[1240,1240,1240,480],el:[550,550,550,720],gw:[1240,1240,1240,480],gh:[550,550,550,720],type:'hero',justify:'',layout:'fullwidth',mh:\"0\"});if (window.RS_MODULES!==undefined && window.RS_MODULES.modules!==undefined && window.RS_MODULES.modules[\"revslider191\"]!==undefined) {window.RS_MODULES.modules[\"revslider191\"].once = false;window.revapi19 = undefined;if (window.RS_MODULES.checkMinimal!==undefined) window.RS_MODULES.checkMinimal()}\n\t\t\t\t<\/script>\n\t\t\t<\/rs-module-wrap>\n\t\t\t<!-- END REVOLUTION SLIDER -->\n[\/vc_column][\/vc_row][vc_row][vc_column width=&#8221;1\/6&#8243;][\/vc_column][vc_column width=&#8221;2\/3&#8243;]<div class=\"ult-spacer spacer-69d1749823cd9\" data-id=\"69d1749823cd9\" data-height=\"90\" data-height-mobile=\"90\" data-height-tab=\"90\" data-height-tab-portrait=\"\" data-height-mobile-landscape=\"\" style=\"clear:both;display:block;\"><\/div><div id=\"ultimate-heading-588469d1749823d67\" class=\"uvc-heading ult-adjust-bottom-margin ultimate-heading-588469d1749823d67 uvc-1362 \" data-hspacer=\"no_spacer\"  data-halign=\"left\" style=\"text-align:left\"><div class=\"uvc-heading-spacer no_spacer\" style=\"top\"><\/div><div class=\"uvc-main-heading ult-responsive\"  data-ultimate-target='.uvc-heading.ultimate-heading-588469d1749823d67 h2'  data-responsive-json-new='{\"font-size\":\"\",\"line-height\":\"\"}' ><h2 style=\"font-weight:normal;\">GTC POLICY<\/h2><\/div><\/div>[vc_separator color=&#8221;custom&#8221; accent_color=&#8221;#173764&#8243;][vc_column_text]GTC applies the following systems: ISO 9001 Quality Management System, ISO 14001 Environment Management System and, ISO 45001 OHS Management System. These ISO management systems are applied in coordination with the GTC Quality Principles, which we call is the Integrated Policy. The senior management of GTC has defined and documents the Integrated Policy. This policy includes the commitment of the organization to meet the customer requirements, offer product quality optimization and deliver continuous improvement. The following principles are in compliance with the organization\u2019s objectives and support the strategic aspects thereof:<\/p>\n<ul>\n<li>Products that offer the highest possible efficiency, quality and endurance a the solar power industry<\/li>\n<li>Superior quality based on engineer supervised inspections during the production process<\/li>\n<li>Qualified and quality services inspected as per OHSE principles during the installation process<\/li>\n<li>Uninterrupted and sustainable R&#038;D efforts, for which 6% of the revenues are allocated every year<\/li>\n<li>Quality protocols that are continuously updated based on the R&#038;D outputs<\/li>\n<li>Environmentally products for a truly green environment<\/li>\n<li>Environmentally production processes for a truly green environment<\/li>\n<li>Waste system management through which wastes are sorted and recycled<\/li>\n<li>Equitable employment with no discrimination based on gender, sexual orientation, religion, religious sect, race and native language<\/li>\n<li>Positive discrimination for women<\/li>\n<\/ul>\n<p>[\/vc_column_text]<div class=\"ult-spacer spacer-69d1749823dbe\" data-id=\"69d1749823dbe\" data-height=\"45\" data-height-mobile=\"45\" data-height-tab=\"45\" data-height-tab-portrait=\"\" data-height-mobile-landscape=\"\" style=\"clear:both;display:block;\"><\/div><div id=\"ultimate-heading-414269d1749823dfc\" class=\"uvc-heading ult-adjust-bottom-margin ultimate-heading-414269d1749823dfc uvc-3806 \" data-hspacer=\"no_spacer\"  data-halign=\"left\" style=\"text-align:left\"><div class=\"uvc-heading-spacer no_spacer\" style=\"top\"><\/div><div class=\"uvc-main-heading ult-responsive\"  data-ultimate-target='.uvc-heading.ultimate-heading-414269d1749823dfc h2'  data-responsive-json-new='{\"font-size\":\"\",\"line-height\":\"\"}' ><h2 style=\"font-weight:normal;\">ISO 9001 Quality System<\/h2><\/div><\/div>[vc_separator color=&#8221;custom&#8221; accent_color=&#8221;#173764&#8243;][vc_column_text]<\/p>\n<p style=\"text-align: left; font-size: 18px;\">Our management system guarantees that our company\u2019s objective are well understood, truly observed and strictly respected by each employee. All the business related data are collected to carry out a quality assessment. The target groups and the fixed observance realization degrees of the attained targets are defined.<\/p>\n<p>[\/vc_column_text]<div class=\"ult-spacer spacer-69d1749823e4a\" data-id=\"69d1749823e4a\" data-height=\"45\" data-height-mobile=\"45\" data-height-tab=\"45\" data-height-tab-portrait=\"\" data-height-mobile-landscape=\"\" style=\"clear:both;display:block;\"><\/div><div id=\"ultimate-heading-790669d1749823e90\" class=\"uvc-heading ult-adjust-bottom-margin ultimate-heading-790669d1749823e90 uvc-9977 \" data-hspacer=\"no_spacer\"  data-halign=\"left\" style=\"text-align:left\"><div class=\"uvc-heading-spacer no_spacer\" style=\"top\"><\/div><div class=\"uvc-main-heading ult-responsive\"  data-ultimate-target='.uvc-heading.ultimate-heading-790669d1749823e90 h2'  data-responsive-json-new='{\"font-size\":\"\",\"line-height\":\"\"}' ><h2 style=\"font-weight:normal;\">ISO 14001 Environment Management<\/h2><\/div><\/div>[vc_separator color=&#8221;custom&#8221; accent_color=&#8221;#173764&#8243;][vc_column_text]<\/p>\n<p style=\"text-align: left; font-size: 18px;\">One of the main objectives of GTC is that we feel required to use the sources at hand consciously, carefully and responsibly. This makes it possible to reduce the environmental stress. We are committed to sustainable production, attach importance to ecosystem and, create awareness in this respect within our organization.<\/p>\n<p>[\/vc_column_text]<div class=\"ult-spacer spacer-69d1749823edf\" data-id=\"69d1749823edf\" data-height=\"45\" data-height-mobile=\"45\" data-height-tab=\"45\" data-height-tab-portrait=\"\" data-height-mobile-landscape=\"\" style=\"clear:both;display:block;\"><\/div><div id=\"ultimate-heading-647369d1749823f26\" class=\"uvc-heading ult-adjust-bottom-margin ultimate-heading-647369d1749823f26 uvc-6678 \" data-hspacer=\"no_spacer\"  data-halign=\"left\" style=\"text-align:left\"><div class=\"uvc-heading-spacer no_spacer\" style=\"top\"><\/div><div class=\"uvc-main-heading ult-responsive\"  data-ultimate-target='.uvc-heading.ultimate-heading-647369d1749823f26 h2'  data-responsive-json-new='{\"font-size\":\"\",\"line-height\":\"\"}' ><h2 style=\"font-weight:normal;\">ISO 45001 Occupational Health and Safety<\/h2><\/div><\/div>[vc_separator color=&#8221;custom&#8221; accent_color=&#8221;#173764&#8243;][vc_column_text]<\/p>\n<p style=\"text-align: left; font-size: 18px;\">For the purpose of keeping the health of our employees at the highest level and avoiding occupational accidents, we analyze all the risk factors with zero tolerance, and accordingly identify our main procedures and take corrective actions in case of mistakes.<\/p>\n<p>[\/vc_column_text][vc_row_inner][vc_column_inner width=&#8221;1\/3&#8243;][vc_single_image image=&#8221;366&#8243; img_size=&#8221;full&#8221; alignment=&#8221;center&#8221; css=&#8221;.vc_custom_1663760449877{padding-top: 1rem !important;padding-right: 1rem !important;padding-bottom: 1rem !important;padding-left: 1rem !important;}&#8221;][\/vc_column_inner][vc_column_inner width=&#8221;1\/3&#8243;][vc_single_image image=&#8221;1522&#8243; img_size=&#8221;full&#8221; alignment=&#8221;center&#8221; css=&#8221;.vc_custom_1663761180042{padding-top: 1rem !important;padding-right: 1rem !important;padding-bottom: 1rem !important;padding-left: 1rem !important;}&#8221;][\/vc_column_inner][vc_column_inner width=&#8221;1\/3&#8243;][vc_single_image image=&#8221;1521&#8243; img_size=&#8221;full&#8221; alignment=&#8221;center&#8221; css=&#8221;.vc_custom_1663761190622{padding-top: 1rem !important;padding-right: 1rem !important;padding-bottom: 1rem !important;padding-left: 1rem !important;}&#8221;][\/vc_column_inner][\/vc_row_inner]<div class=\"ult-spacer spacer-69d1749823f65\" data-id=\"69d1749823f65\" data-height=\"90\" data-height-mobile=\"90\" data-height-tab=\"90\" data-height-tab-portrait=\"\" data-height-mobile-landscape=\"\" style=\"clear:both;display:block;\"><\/div>[\/vc_column][vc_column width=&#8221;1\/6&#8243;][\/vc_column][\/vc_row]<\/p>\n<\/section>","protected":false},"excerpt":{"rendered":"<p class=\"card-text\">[vc_row full_width=&#8221;stretch_row_content_no_spaces&#8221;][vc_column][\/vc_column][\/vc_row][vc_row][vc_column width=&#8221;1\/6&#8243;][\/vc_column][vc_column width=&#8221;2\/3&#8243;][vc_separator color=&#8221;custom&#8221; accent_color=&#8221;#173764&#8243;][vc_column_text]GTC applies the following systems: ISO 9001 Quality Management System, ISO 14001 Environment Management System and, ISO 45001 OHS Management System. These ISO management systems are applied in coordination with the GTC Quality Principles, which we call is the Integrated Policy. The senior management of GTC has defined and documents [&#8230;]<\/p>\n<p class=\"m-0\"><a class=\"btn btn-outline-secondary btn-read-more\" href=\"https:\/\/gtctrade.com\/en\/kalite-2\/\">Read More<\/a><\/p>\n","protected":false},"author":2,"featured_media":0,"parent":0,"menu_order":0,"comment_status":"closed","ping_status":"closed","template":"","meta":{"footnotes":""},"class_list":["post-362","page","type-page","status-publish","hentry"],"yoast_head":"<!-- This site is optimized with the Yoast SEO plugin v27.3 - https:\/\/yoast.com\/product\/yoast-seo-wordpress\/ -->\n<title>Kalite<\/title>\n<meta name=\"robots\" content=\"index, follow, max-snippet:-1, max-image-preview:large, max-video-preview:-1\" \/>\n<link rel=\"canonical\" href=\"https:\/\/gtctrade.com\/en\/kalite-2\/\" \/>\n<meta property=\"og:locale\" content=\"en_US\" \/>\n<meta property=\"og:locale:alternate\" content=\"tr_TR\" \/>\n<meta property=\"og:type\" content=\"article\" \/>\n<meta property=\"og:title\" content=\"Kalite\" \/>\n<meta property=\"og:description\" content=\"[vc_row full_width=&#8221;stretch_row_content_no_spaces&#8221;][vc_column][\/vc_column][\/vc_row][vc_row][vc_column width=&#8221;1\/6&#8243;][\/vc_column][vc_column width=&#8221;2\/3&#8243;][vc_separator color=&#8221;custom&#8221; accent_color=&#8221;#173764&#8243;][vc_column_text]GTC applies the following systems: ISO 9001 Quality Management System, ISO 14001 Environment Management System and, ISO 45001 OHS Management System. These ISO management systems are applied in coordination with the GTC Quality Principles, which we call is the Integrated Policy. The senior management of GTC has defined and documents [...]Read More\" \/>\n<meta property=\"og:url\" content=\"https:\/\/gtctrade.com\/en\/kalite-2\/\" \/>\n<meta property=\"og:site_name\" content=\"GTC - Photovoltaic Solar Systems\" \/>\n<meta property=\"article:publisher\" content=\"https:\/\/www.facebook.com\/GTCsolarsystems\" \/>\n<meta property=\"article:modified_time\" content=\"2022-09-21T11:53:14+00:00\" \/>\n<meta property=\"og:image\" content=\"https:\/\/gtctrade.com\/wp-content\/uploads\/2021\/07\/Endustriyel-Cati-Uygulamalari.png\" \/>\n\t<meta property=\"og:image:width\" content=\"1920\" \/>\n\t<meta property=\"og:image:height\" content=\"1080\" \/>\n\t<meta property=\"og:image:type\" content=\"image\/png\" \/>\n<meta name=\"twitter:card\" content=\"summary_large_image\" \/>\n<meta name=\"twitter:site\" content=\"@GtcSolar\" \/>\n<meta name=\"twitter:label1\" content=\"Est. reading time\" \/>\n\t<meta name=\"twitter:data1\" content=\"6 minutes\" \/>\n<script type=\"application\/ld+json\" class=\"yoast-schema-graph\">{\"@context\":\"https:\\\/\\\/schema.org\",\"@graph\":[{\"@type\":\"WebPage\",\"@id\":\"https:\\\/\\\/gtctrade.com\\\/tr\\\/kalite-2\\\/\",\"url\":\"https:\\\/\\\/gtctrade.com\\\/tr\\\/kalite-2\\\/\",\"name\":\"Kalite\",\"isPartOf\":{\"@id\":\"https:\\\/\\\/gtctrade.com\\\/tr\\\/#website\"},\"datePublished\":\"2021-05-07T16:07:11+00:00\",\"dateModified\":\"2022-09-21T11:53:14+00:00\",\"breadcrumb\":{\"@id\":\"https:\\\/\\\/gtctrade.com\\\/tr\\\/kalite-2\\\/#breadcrumb\"},\"inLanguage\":\"en-US\",\"potentialAction\":[{\"@type\":\"ReadAction\",\"target\":[\"https:\\\/\\\/gtctrade.com\\\/tr\\\/kalite-2\\\/\"]}]},{\"@type\":\"BreadcrumbList\",\"@id\":\"https:\\\/\\\/gtctrade.com\\\/tr\\\/kalite-2\\\/#breadcrumb\",\"itemListElement\":[{\"@type\":\"ListItem\",\"position\":1,\"name\":\"Anasayfa\",\"item\":\"https:\\\/\\\/gtctrade.com\\\/tr\\\/\"},{\"@type\":\"ListItem\",\"position\":2,\"name\":\"Kalite\"}]},{\"@type\":\"WebSite\",\"@id\":\"https:\\\/\\\/gtctrade.com\\\/tr\\\/#website\",\"url\":\"https:\\\/\\\/gtctrade.com\\\/tr\\\/\",\"name\":\"GTC - Photovoltaic Solar Systems\",\"description\":\"The sun is enough for us!\",\"publisher\":{\"@id\":\"https:\\\/\\\/gtctrade.com\\\/tr\\\/#organization\"},\"potentialAction\":[{\"@type\":\"SearchAction\",\"target\":{\"@type\":\"EntryPoint\",\"urlTemplate\":\"https:\\\/\\\/gtctrade.com\\\/tr\\\/?s={search_term_string}\"},\"query-input\":{\"@type\":\"PropertyValueSpecification\",\"valueRequired\":true,\"valueName\":\"search_term_string\"}}],\"inLanguage\":\"en-US\"},{\"@type\":\"Organization\",\"@id\":\"https:\\\/\\\/gtctrade.com\\\/tr\\\/#organization\",\"name\":\"G\u00fcne\u015f Sanayi ve Ticaret A.\u015e.\",\"url\":\"https:\\\/\\\/gtctrade.com\\\/tr\\\/\",\"logo\":{\"@type\":\"ImageObject\",\"inLanguage\":\"en-US\",\"@id\":\"https:\\\/\\\/gtctrade.com\\\/tr\\\/#\\\/schema\\\/logo\\\/image\\\/\",\"url\":\"https:\\\/\\\/gtctrade.com\\\/wp-content\\\/uploads\\\/2021\\\/04\\\/gtclogo.png\",\"contentUrl\":\"https:\\\/\\\/gtctrade.com\\\/wp-content\\\/uploads\\\/2021\\\/04\\\/gtclogo.png\",\"width\":300,\"height\":148,\"caption\":\"G\u00fcne\u015f Sanayi ve Ticaret A.\u015e.\"},\"image\":{\"@id\":\"https:\\\/\\\/gtctrade.com\\\/tr\\\/#\\\/schema\\\/logo\\\/image\\\/\"},\"sameAs\":[\"https:\\\/\\\/www.facebook.com\\\/GTCsolarsystems\",\"https:\\\/\\\/x.com\\\/GtcSolar\",\"https:\\\/\\\/www.instagram.com\\\/gtcsolar\\\/\",\"https:\\\/\\\/www.linkedin.com\\\/company\\\/gtc-solar\",\"https:\\\/\\\/www.youtube.com\\\/gtcsolar\"]}]}<\/script>\n<!-- \/ Yoast SEO plugin. -->","yoast_head_json":{"title":"Kalite","robots":{"index":"index","follow":"follow","max-snippet":"max-snippet:-1","max-image-preview":"max-image-preview:large","max-video-preview":"max-video-preview:-1"},"canonical":"https:\/\/gtctrade.com\/en\/kalite-2\/","og_locale":"en_US","og_type":"article","og_title":"[:tr]Kalite[:en]Kalite[:] - GTC - Photovoltaic Solar Systems","og_description":"[vc_row full_width=&#8221;stretch_row_content_no_spaces&#8221;][vc_column][\/vc_column][\/vc_row][vc_row][vc_column width=&#8221;1\/6&#8243;][\/vc_column][vc_column width=&#8221;2\/3&#8243;][vc_separator color=&#8221;custom&#8221; accent_color=&#8221;#173764&#8243;][vc_column_text]GTC applies the following systems: ISO 9001 Quality Management System, ISO 14001 Environment Management System and, ISO 45001 OHS Management System. These ISO management systems are applied in coordination with the GTC Quality Principles, which we call is the Integrated Policy. The senior management of GTC has defined and documents [...]Read More","og_url":"https:\/\/gtctrade.com\/en\/kalite-2\/","og_site_name":"GTC - Photovoltaic Solar Systems","article_publisher":"https:\/\/www.facebook.com\/GTCsolarsystems","article_modified_time":"2022-09-21T11:53:14+00:00","og_image":[{"width":1920,"height":1080,"url":"https:\/\/gtctrade.com\/wp-content\/uploads\/2021\/07\/Endustriyel-Cati-Uygulamalari.png","type":"image\/png"}],"twitter_card":"summary_large_image","twitter_site":"@GtcSolar","twitter_misc":{"Est. reading time":"6 minutes"},"schema":{"@context":"https:\/\/schema.org","@graph":[{"@type":"WebPage","@id":"https:\/\/gtctrade.com\/tr\/kalite-2\/","url":"https:\/\/gtctrade.com\/tr\/kalite-2\/","name":"Kalite","isPartOf":{"@id":"https:\/\/gtctrade.com\/tr\/#website"},"datePublished":"2021-05-07T16:07:11+00:00","dateModified":"2022-09-21T11:53:14+00:00","breadcrumb":{"@id":"https:\/\/gtctrade.com\/tr\/kalite-2\/#breadcrumb"},"inLanguage":"en-US","potentialAction":[{"@type":"ReadAction","target":["https:\/\/gtctrade.com\/tr\/kalite-2\/"]}]},{"@type":"BreadcrumbList","@id":"https:\/\/gtctrade.com\/tr\/kalite-2\/#breadcrumb","itemListElement":[{"@type":"ListItem","position":1,"name":"Anasayfa","item":"https:\/\/gtctrade.com\/tr\/"},{"@type":"ListItem","position":2,"name":"Kalite"}]},{"@type":"WebSite","@id":"https:\/\/gtctrade.com\/tr\/#website","url":"https:\/\/gtctrade.com\/tr\/","name":"GTC - Photovoltaic Solar Systems","description":"The sun is enough for us!","publisher":{"@id":"https:\/\/gtctrade.com\/tr\/#organization"},"potentialAction":[{"@type":"SearchAction","target":{"@type":"EntryPoint","urlTemplate":"https:\/\/gtctrade.com\/tr\/?s={search_term_string}"},"query-input":{"@type":"PropertyValueSpecification","valueRequired":true,"valueName":"search_term_string"}}],"inLanguage":"en-US"},{"@type":"Organization","@id":"https:\/\/gtctrade.com\/tr\/#organization","name":"G\u00fcne\u015f Sanayi ve Ticaret A.\u015e.","url":"https:\/\/gtctrade.com\/tr\/","logo":{"@type":"ImageObject","inLanguage":"en-US","@id":"https:\/\/gtctrade.com\/tr\/#\/schema\/logo\/image\/","url":"https:\/\/gtctrade.com\/wp-content\/uploads\/2021\/04\/gtclogo.png","contentUrl":"https:\/\/gtctrade.com\/wp-content\/uploads\/2021\/04\/gtclogo.png","width":300,"height":148,"caption":"G\u00fcne\u015f Sanayi ve Ticaret A.\u015e."},"image":{"@id":"https:\/\/gtctrade.com\/tr\/#\/schema\/logo\/image\/"},"sameAs":["https:\/\/www.facebook.com\/GTCsolarsystems","https:\/\/x.com\/GtcSolar","https:\/\/www.instagram.com\/gtcsolar\/","https:\/\/www.linkedin.com\/company\/gtc-solar","https:\/\/www.youtube.com\/gtcsolar"]}]}},"_links":{"self":[{"href":"https:\/\/gtctrade.com\/en\/wp-json\/wp\/v2\/pages\/362","targetHints":{"allow":["GET"]}}],"collection":[{"href":"https:\/\/gtctrade.com\/en\/wp-json\/wp\/v2\/pages"}],"about":[{"href":"https:\/\/gtctrade.com\/en\/wp-json\/wp\/v2\/types\/page"}],"author":[{"embeddable":true,"href":"https:\/\/gtctrade.com\/en\/wp-json\/wp\/v2\/users\/2"}],"replies":[{"embeddable":true,"href":"https:\/\/gtctrade.com\/en\/wp-json\/wp\/v2\/comments?post=362"}],"version-history":[{"count":15,"href":"https:\/\/gtctrade.com\/en\/wp-json\/wp\/v2\/pages\/362\/revisions"}],"predecessor-version":[{"id":1525,"href":"https:\/\/gtctrade.com\/en\/wp-json\/wp\/v2\/pages\/362\/revisions\/1525"}],"wp:attachment":[{"href":"https:\/\/gtctrade.com\/en\/wp-json\/wp\/v2\/media?parent=362"}],"curies":[{"name":"wp","href":"https:\/\/api.w.org\/{rel}","templated":true}]}}