{"id":37158,"date":"2025-12-01T17:38:29","date_gmt":"2025-12-01T14:38:29","guid":{"rendered":"https:\/\/gtctrade.com\/tr\/?page_id=37158"},"modified":"2025-12-01T17:41:39","modified_gmt":"2025-12-01T14:41:39","slug":"duyurular","status":"publish","type":"page","link":"https:\/\/gtctrade.com\/en\/duyurular\/","title":{"rendered":"Duyurular"},"content":{"rendered":"<section class=\"wpb-content-wrapper\"><p>[vc_row][vc_column][vc_column_text]<\/p>\n<h2 class=\"wp-block-heading\"><strong>Genel Kurul Toplant\u0131 Daveti<\/strong><\/h2>\n\n<p>\u015eirketimizin 2024 y\u0131l\u0131 Ola\u011fan Genel Kurul Toplant\u0131s\u0131, Y\u00f6netim Kurulu karar\u0131 do\u011frultusunda <strong>11 Aral\u0131k 2025 tarihinde saat 10:30\u2019da<\/strong> \u015firket merkezimizde ger\u00e7ekle\u015ftirilecektir. Toplant\u0131da y\u0131ll\u0131k faaliyet raporlar\u0131, finansal tablolar, denetim raporlar\u0131 de\u011ferlendirilecek olup, kar da\u011f\u0131t\u0131m\u0131, yeni y\u00f6netim kurulu se\u00e7imi ve di\u011fer g\u00fcndem maddeleri g\u00f6r\u00fc\u015f\u00fclecektir.<\/p>\n\n<p>Detayl\u0131 davet metni ve vek\u00e2letname \u00f6rne\u011fi a\u015fa\u011f\u0131daki duyuruda yer almaktad\u0131r. T\u00fcm ortaklar\u0131m\u0131z\u0131n kat\u0131l\u0131m\u0131n\u0131 \u00f6nemle rica ederiz.<\/p>\n\n\n<div data-wp-interactive=\"core\/file\" class=\"wp-block-file\"><object data-wp-bind--hidden=\"!state.hasPdfPreview\" hidden class=\"wp-block-file__embed\" style=\"width: 100%; height: 600px;\" data=\"https:\/\/gtctrade.com\/wp-content\/uploads\/2025\/12\/6102_1_a_toplantiya_cagri_anonim-ILAN_V4.pdf\" type=\"application\/pdf\" width=\"300\" height=\"150\" aria-label=\"Embed of 6102_1_a_toplantiya_cagri_anonim \u0130LAN_V4.\"><\/object><a id=\"wp-block-file--media-4a983e80-0b36-4e58-8ab8-5f760923991c\" href=\"https:\/\/gtctrade.com\/wp-content\/uploads\/2025\/12\/6102_1_a_toplantiya_cagri_anonim-ILAN_V4.pdf\">6102_1_a_toplantiya_cagri_anonim \u0130LAN_V4<\/a><a class=\"wp-block-file__button wp-element-button\" href=\"https:\/\/gtctrade.com\/wp-content\/uploads\/2025\/12\/6102_1_a_toplantiya_cagri_anonim-ILAN_V4.pdf\" download=\"\" aria-describedby=\"wp-block-file--media-4a983e80-0b36-4e58-8ab8-5f760923991c\">\u0130ndir<\/a><\/div>\n<p>[\/vc_column_text][\/vc_column][\/vc_row]<\/p><\/section>","protected":false},"excerpt":{"rendered":"<p class=\"card-text\">[vc_row][vc_column][vc_column_text] Genel Kurul Toplant\u0131 Daveti \u015eirketimizin 2024 y\u0131l\u0131 Ola\u011fan Genel Kurul Toplant\u0131s\u0131, Y\u00f6netim Kurulu karar\u0131 do\u011frultusunda 11 Aral\u0131k 2025 tarihinde saat 10:30\u2019da \u015firket merkezimizde ger\u00e7ekle\u015ftirilecektir. Toplant\u0131da y\u0131ll\u0131k faaliyet raporlar\u0131, finansal tablolar, denetim raporlar\u0131 de\u011ferlendirilecek olup, kar da\u011f\u0131t\u0131m\u0131, yeni y\u00f6netim kurulu se\u00e7imi ve di\u011fer g\u00fcndem maddeleri g\u00f6r\u00fc\u015f\u00fclecektir. Detayl\u0131 davet metni ve vek\u00e2letname \u00f6rne\u011fi a\u015fa\u011f\u0131daki duyuruda yer [&#8230;]<\/p>\n<p class=\"m-0\"><a class=\"btn btn-outline-secondary btn-read-more\" href=\"https:\/\/gtctrade.com\/en\/duyurular\/\">Read More<\/a><\/p>\n","protected":false},"author":3,"featured_media":0,"parent":0,"menu_order":0,"comment_status":"closed","ping_status":"closed","template":"","meta":{"footnotes":""},"class_list":["post-37158","page","type-page","status-publish","hentry"],"yoast_head":"<!-- This site is optimized with the Yoast SEO plugin v27.3 - https:\/\/yoast.com\/product\/yoast-seo-wordpress\/ -->\n<title>Duyurular<\/title>\n<meta name=\"robots\" content=\"index, follow, max-snippet:-1, max-image-preview:large, max-video-preview:-1\" \/>\n<link rel=\"canonical\" href=\"https:\/\/gtctrade.com\/en\/duyurular\/\" \/>\n<meta property=\"og:locale\" content=\"en_US\" \/>\n<meta property=\"og:locale:alternate\" content=\"tr_TR\" \/>\n<meta property=\"og:type\" content=\"article\" \/>\n<meta property=\"og:title\" content=\"Duyurular\" \/>\n<meta property=\"og:description\" content=\"[vc_row][vc_column][vc_column_text] Genel Kurul Toplant\u0131 Daveti \u015eirketimizin 2024 y\u0131l\u0131 Ola\u011fan Genel Kurul Toplant\u0131s\u0131, Y\u00f6netim Kurulu karar\u0131 do\u011frultusunda 11 Aral\u0131k 2025 tarihinde saat 10:30\u2019da \u015firket merkezimizde ger\u00e7ekle\u015ftirilecektir. Toplant\u0131da y\u0131ll\u0131k faaliyet raporlar\u0131, finansal tablolar, denetim raporlar\u0131 de\u011ferlendirilecek olup, kar da\u011f\u0131t\u0131m\u0131, yeni y\u00f6netim kurulu se\u00e7imi ve di\u011fer g\u00fcndem maddeleri g\u00f6r\u00fc\u015f\u00fclecektir. Detayl\u0131 davet metni ve vek\u00e2letname \u00f6rne\u011fi a\u015fa\u011f\u0131daki duyuruda yer [...]Read More\" \/>\n<meta property=\"og:url\" content=\"https:\/\/gtctrade.com\/en\/duyurular\/\" \/>\n<meta property=\"og:site_name\" content=\"GTC - Photovoltaic Solar Systems\" \/>\n<meta property=\"article:publisher\" content=\"https:\/\/www.facebook.com\/GTCsolarsystems\" \/>\n<meta property=\"article:modified_time\" content=\"2025-12-01T14:41:39+00:00\" \/>\n<meta property=\"og:image\" content=\"https:\/\/gtctrade.com\/wp-content\/uploads\/2021\/07\/Endustriyel-Cati-Uygulamalari.png\" \/>\n\t<meta property=\"og:image:width\" content=\"1920\" \/>\n\t<meta property=\"og:image:height\" content=\"1080\" \/>\n\t<meta property=\"og:image:type\" content=\"image\/png\" \/>\n<meta name=\"twitter:card\" content=\"summary_large_image\" \/>\n<meta name=\"twitter:site\" content=\"@GtcSolar\" \/>\n<meta name=\"twitter:label1\" content=\"Est. reading time\" \/>\n\t<meta name=\"twitter:data1\" content=\"1 minute\" \/>\n<script type=\"application\/ld+json\" class=\"yoast-schema-graph\">{\"@context\":\"https:\\\/\\\/schema.org\",\"@graph\":[{\"@type\":\"WebPage\",\"@id\":\"https:\\\/\\\/gtctrade.com\\\/tr\\\/duyurular\\\/\",\"url\":\"https:\\\/\\\/gtctrade.com\\\/tr\\\/duyurular\\\/\",\"name\":\"Duyurular\",\"isPartOf\":{\"@id\":\"https:\\\/\\\/gtctrade.com\\\/tr\\\/#website\"},\"datePublished\":\"2025-12-01T14:38:29+00:00\",\"dateModified\":\"2025-12-01T14:41:39+00:00\",\"breadcrumb\":{\"@id\":\"https:\\\/\\\/gtctrade.com\\\/tr\\\/duyurular\\\/#breadcrumb\"},\"inLanguage\":\"en-US\",\"potentialAction\":[{\"@type\":\"ReadAction\",\"target\":[\"https:\\\/\\\/gtctrade.com\\\/tr\\\/duyurular\\\/\"]}]},{\"@type\":\"BreadcrumbList\",\"@id\":\"https:\\\/\\\/gtctrade.com\\\/tr\\\/duyurular\\\/#breadcrumb\",\"itemListElement\":[{\"@type\":\"ListItem\",\"position\":1,\"name\":\"Anasayfa\",\"item\":\"https:\\\/\\\/gtctrade.com\\\/tr\\\/\"},{\"@type\":\"ListItem\",\"position\":2,\"name\":\"Duyurular\"}]},{\"@type\":\"WebSite\",\"@id\":\"https:\\\/\\\/gtctrade.com\\\/tr\\\/#website\",\"url\":\"https:\\\/\\\/gtctrade.com\\\/tr\\\/\",\"name\":\"GTC - Photovoltaic Solar Systems\",\"description\":\"The sun is enough for us!\",\"publisher\":{\"@id\":\"https:\\\/\\\/gtctrade.com\\\/tr\\\/#organization\"},\"potentialAction\":[{\"@type\":\"SearchAction\",\"target\":{\"@type\":\"EntryPoint\",\"urlTemplate\":\"https:\\\/\\\/gtctrade.com\\\/tr\\\/?s={search_term_string}\"},\"query-input\":{\"@type\":\"PropertyValueSpecification\",\"valueRequired\":true,\"valueName\":\"search_term_string\"}}],\"inLanguage\":\"en-US\"},{\"@type\":\"Organization\",\"@id\":\"https:\\\/\\\/gtctrade.com\\\/tr\\\/#organization\",\"name\":\"G\u00fcne\u015f Sanayi ve Ticaret A.\u015e.\",\"url\":\"https:\\\/\\\/gtctrade.com\\\/tr\\\/\",\"logo\":{\"@type\":\"ImageObject\",\"inLanguage\":\"en-US\",\"@id\":\"https:\\\/\\\/gtctrade.com\\\/tr\\\/#\\\/schema\\\/logo\\\/image\\\/\",\"url\":\"https:\\\/\\\/gtctrade.com\\\/wp-content\\\/uploads\\\/2021\\\/04\\\/gtclogo.png\",\"contentUrl\":\"https:\\\/\\\/gtctrade.com\\\/wp-content\\\/uploads\\\/2021\\\/04\\\/gtclogo.png\",\"width\":300,\"height\":148,\"caption\":\"G\u00fcne\u015f Sanayi ve Ticaret A.\u015e.\"},\"image\":{\"@id\":\"https:\\\/\\\/gtctrade.com\\\/tr\\\/#\\\/schema\\\/logo\\\/image\\\/\"},\"sameAs\":[\"https:\\\/\\\/www.facebook.com\\\/GTCsolarsystems\",\"https:\\\/\\\/x.com\\\/GtcSolar\",\"https:\\\/\\\/www.instagram.com\\\/gtcsolar\\\/\",\"https:\\\/\\\/www.linkedin.com\\\/company\\\/gtc-solar\",\"https:\\\/\\\/www.youtube.com\\\/gtcsolar\"]}]}<\/script>\n<!-- \/ Yoast SEO plugin. -->","yoast_head_json":{"title":"Duyurular","robots":{"index":"index","follow":"follow","max-snippet":"max-snippet:-1","max-image-preview":"max-image-preview:large","max-video-preview":"max-video-preview:-1"},"canonical":"https:\/\/gtctrade.com\/en\/duyurular\/","og_locale":"en_US","og_type":"article","og_title":"[:tr]Duyurular[:] - GTC - Photovoltaic Solar Systems","og_description":"[vc_row][vc_column][vc_column_text] Genel Kurul Toplant\u0131 Daveti \u015eirketimizin 2024 y\u0131l\u0131 Ola\u011fan Genel Kurul Toplant\u0131s\u0131, Y\u00f6netim Kurulu karar\u0131 do\u011frultusunda 11 Aral\u0131k 2025 tarihinde saat 10:30\u2019da \u015firket merkezimizde ger\u00e7ekle\u015ftirilecektir. Toplant\u0131da y\u0131ll\u0131k faaliyet raporlar\u0131, finansal tablolar, denetim raporlar\u0131 de\u011ferlendirilecek olup, kar da\u011f\u0131t\u0131m\u0131, yeni y\u00f6netim kurulu se\u00e7imi ve di\u011fer g\u00fcndem maddeleri g\u00f6r\u00fc\u015f\u00fclecektir. Detayl\u0131 davet metni ve vek\u00e2letname \u00f6rne\u011fi a\u015fa\u011f\u0131daki duyuruda yer [...]Read More","og_url":"https:\/\/gtctrade.com\/en\/duyurular\/","og_site_name":"GTC - Photovoltaic Solar Systems","article_publisher":"https:\/\/www.facebook.com\/GTCsolarsystems","article_modified_time":"2025-12-01T14:41:39+00:00","og_image":[{"width":1920,"height":1080,"url":"https:\/\/gtctrade.com\/wp-content\/uploads\/2021\/07\/Endustriyel-Cati-Uygulamalari.png","type":"image\/png"}],"twitter_card":"summary_large_image","twitter_site":"@GtcSolar","twitter_misc":{"Est. reading time":"1 minute"},"schema":{"@context":"https:\/\/schema.org","@graph":[{"@type":"WebPage","@id":"https:\/\/gtctrade.com\/tr\/duyurular\/","url":"https:\/\/gtctrade.com\/tr\/duyurular\/","name":"Duyurular","isPartOf":{"@id":"https:\/\/gtctrade.com\/tr\/#website"},"datePublished":"2025-12-01T14:38:29+00:00","dateModified":"2025-12-01T14:41:39+00:00","breadcrumb":{"@id":"https:\/\/gtctrade.com\/tr\/duyurular\/#breadcrumb"},"inLanguage":"en-US","potentialAction":[{"@type":"ReadAction","target":["https:\/\/gtctrade.com\/tr\/duyurular\/"]}]},{"@type":"BreadcrumbList","@id":"https:\/\/gtctrade.com\/tr\/duyurular\/#breadcrumb","itemListElement":[{"@type":"ListItem","position":1,"name":"Anasayfa","item":"https:\/\/gtctrade.com\/tr\/"},{"@type":"ListItem","position":2,"name":"Duyurular"}]},{"@type":"WebSite","@id":"https:\/\/gtctrade.com\/tr\/#website","url":"https:\/\/gtctrade.com\/tr\/","name":"GTC - Photovoltaic Solar Systems","description":"The sun is enough for us!","publisher":{"@id":"https:\/\/gtctrade.com\/tr\/#organization"},"potentialAction":[{"@type":"SearchAction","target":{"@type":"EntryPoint","urlTemplate":"https:\/\/gtctrade.com\/tr\/?s={search_term_string}"},"query-input":{"@type":"PropertyValueSpecification","valueRequired":true,"valueName":"search_term_string"}}],"inLanguage":"en-US"},{"@type":"Organization","@id":"https:\/\/gtctrade.com\/tr\/#organization","name":"G\u00fcne\u015f Sanayi ve Ticaret A.\u015e.","url":"https:\/\/gtctrade.com\/tr\/","logo":{"@type":"ImageObject","inLanguage":"en-US","@id":"https:\/\/gtctrade.com\/tr\/#\/schema\/logo\/image\/","url":"https:\/\/gtctrade.com\/wp-content\/uploads\/2021\/04\/gtclogo.png","contentUrl":"https:\/\/gtctrade.com\/wp-content\/uploads\/2021\/04\/gtclogo.png","width":300,"height":148,"caption":"G\u00fcne\u015f Sanayi ve Ticaret A.\u015e."},"image":{"@id":"https:\/\/gtctrade.com\/tr\/#\/schema\/logo\/image\/"},"sameAs":["https:\/\/www.facebook.com\/GTCsolarsystems","https:\/\/x.com\/GtcSolar","https:\/\/www.instagram.com\/gtcsolar\/","https:\/\/www.linkedin.com\/company\/gtc-solar","https:\/\/www.youtube.com\/gtcsolar"]}]}},"_links":{"self":[{"href":"https:\/\/gtctrade.com\/en\/wp-json\/wp\/v2\/pages\/37158","targetHints":{"allow":["GET"]}}],"collection":[{"href":"https:\/\/gtctrade.com\/en\/wp-json\/wp\/v2\/pages"}],"about":[{"href":"https:\/\/gtctrade.com\/en\/wp-json\/wp\/v2\/types\/page"}],"author":[{"embeddable":true,"href":"https:\/\/gtctrade.com\/en\/wp-json\/wp\/v2\/users\/3"}],"replies":[{"embeddable":true,"href":"https:\/\/gtctrade.com\/en\/wp-json\/wp\/v2\/comments?post=37158"}],"version-history":[{"count":6,"href":"https:\/\/gtctrade.com\/en\/wp-json\/wp\/v2\/pages\/37158\/revisions"}],"predecessor-version":[{"id":37170,"href":"https:\/\/gtctrade.com\/en\/wp-json\/wp\/v2\/pages\/37158\/revisions\/37170"}],"wp:attachment":[{"href":"https:\/\/gtctrade.com\/en\/wp-json\/wp\/v2\/media?parent=37158"}],"curies":[{"name":"wp","href":"https:\/\/api.w.org\/{rel}","templated":true}]}}