{"id":919,"date":"2021-08-13T09:11:58","date_gmt":"2021-08-13T11:11:58","guid":{"rendered":"https:\/\/gtctrade.com\/?page_id=919"},"modified":"2022-03-04T17:16:45","modified_gmt":"2022-03-04T14:16:45","slug":"medyada-biz","status":"publish","type":"page","link":"https:\/\/gtctrade.com\/en\/medyada-biz\/","title":{"rendered":"NEWS ABOUT US"},"content":{"rendered":"<section class=\"wpb-content-wrapper\"><p>[vc_row full_width=&#8221;stretch_row_content_no_spaces&#8221; bg_type=&#8221;image&#8221; parallax_style=&#8221;vcpb-vz-jquery&#8221; bg_image_new=&#8221;id^892|url^https:\/\/gtctrade.com\/wp-content\/uploads\/2021\/03\/press-bg.jpg|caption^null|alt^null|title^press-bg|description^null&#8221; bg_image_repeat=&#8221;no-repeat&#8221;][vc_column]<div class=\"ult-spacer spacer-69d0c46e6fc6a\" data-id=\"69d0c46e6fc6a\" data-height=\"250\" data-height-mobile=\"250\" data-height-tab=\"250\" data-height-tab-portrait=\"\" data-height-mobile-landscape=\"\" style=\"clear:both;display:block;\"><\/div>[vc_column_text]<\/p>\n<h1 style=\"text-align: center;\"><span style=\"color: #ffffff;\"><strong>NEWS ABOUT US<\/strong><\/span><\/h1>\n<p style=\"text-align: center;\"><span style=\"color: #ffffff;\">News about us on different media channels<\/span><\/p>\n<p>[\/vc_column_text]<div class=\"ult-spacer spacer-69d0c46e6fd03\" data-id=\"69d0c46e6fd03\" data-height=\"150\" data-height-mobile=\"150\" data-height-tab=\"150\" data-height-tab-portrait=\"\" data-height-mobile-landscape=\"\" style=\"clear:both;display:block;\"><\/div>[\/vc_column][\/vc_row][vc_row][vc_column]<div class=\"ult-spacer spacer-69d0c46e6fd37\" data-id=\"69d0c46e6fd37\" data-height=\"90\" data-height-mobile=\"90\" data-height-tab=\"90\" data-height-tab-portrait=\"\" data-height-mobile-landscape=\"\" style=\"clear:both;display:block;\"><\/div>[vc_masonry_grid post_type=&#8221;post&#8221; max_items=&#8221;10&#8243; grid_id=&#8221;vc_gid:1646403216031-335b2088-380e-4&#8243;]<div class=\"ult-spacer spacer-69d0c46e6fd81\" data-id=\"69d0c46e6fd81\" data-height=\"90\" data-height-mobile=\"90\" data-height-tab=\"90\" data-height-tab-portrait=\"\" data-height-mobile-landscape=\"\" style=\"clear:both;display:block;\"><\/div>[\/vc_column][\/vc_row][vc_row][vc_column][vc_video link=&#8221;https:\/\/youtu.be\/9Jt3dRfYBdI?list=PLR9FwL3IzZsVRyFcuafkRYKfgAlp2Wh9w&#8221; align=&#8221;center&#8221; css_animation=&#8221;fadeIn&#8221; title=&#8221;Our Posts via Youtube&#8221;][\/vc_column][\/vc_row]<\/p>\n<\/section>","protected":false},"excerpt":{"rendered":"<p class=\"card-text\">[vc_row full_width=&#8221;stretch_row_content_no_spaces&#8221; bg_type=&#8221;image&#8221; parallax_style=&#8221;vcpb-vz-jquery&#8221; bg_image_new=&#8221;id^892|url^https:\/\/gtctrade.com\/wp-content\/uploads\/2021\/03\/press-bg.jpg|caption^null|alt^null|title^press-bg|description^null&#8221; bg_image_repeat=&#8221;no-repeat&#8221;][vc_column][vc_column_text] NEWS ABOUT US News about us on different media channels [\/vc_column_text][\/vc_column][\/vc_row][vc_row][vc_column][vc_masonry_grid post_type=&#8221;post&#8221; max_items=&#8221;10&#8243; grid_id=&#8221;vc_gid:1646403216031-335b2088-380e-4&#8243;][\/vc_column][\/vc_row][vc_row][vc_column][vc_video link=&#8221;https:\/\/youtu.be\/9Jt3dRfYBdI?list=PLR9FwL3IzZsVRyFcuafkRYKfgAlp2Wh9w&#8221; align=&#8221;center&#8221; css_animation=&#8221;fadeIn&#8221; title=&#8221;Our Posts via Youtube&#8221;][\/vc_column][\/vc_row] [&#8230;]<\/p>\n<p class=\"m-0\"><a class=\"btn btn-outline-secondary btn-read-more\" href=\"https:\/\/gtctrade.com\/en\/medyada-biz\/\">Read More<\/a><\/p>\n","protected":false},"author":2,"featured_media":0,"parent":0,"menu_order":0,"comment_status":"closed","ping_status":"closed","template":"","meta":{"footnotes":""},"class_list":["post-919","page","type-page","status-publish","hentry"],"yoast_head":"<!-- This site is optimized with the Yoast SEO plugin v27.3 - https:\/\/yoast.com\/product\/yoast-seo-wordpress\/ -->\n<title>NEWS ABOUT US<\/title>\n<meta name=\"robots\" content=\"index, follow, max-snippet:-1, max-image-preview:large, max-video-preview:-1\" \/>\n<link rel=\"canonical\" href=\"https:\/\/gtctrade.com\/en\/medyada-biz\/\" \/>\n<meta property=\"og:locale\" content=\"en_US\" \/>\n<meta property=\"og:locale:alternate\" content=\"tr_TR\" \/>\n<meta property=\"og:type\" content=\"article\" \/>\n<meta property=\"og:title\" content=\"NEWS ABOUT US\" \/>\n<meta property=\"og:description\" content=\"[vc_row full_width=&#8221;stretch_row_content_no_spaces&#8221; bg_type=&#8221;image&#8221; parallax_style=&#8221;vcpb-vz-jquery&#8221; bg_image_new=&#8221;id^892|url^https:\/\/gtctrade.com\/wp-content\/uploads\/2021\/03\/press-bg.jpg|caption^null|alt^null|title^press-bg|description^null&#8221; bg_image_repeat=&#8221;no-repeat&#8221;][vc_column][vc_column_text] NEWS ABOUT US News about us on different media channels [\/vc_column_text][\/vc_column][\/vc_row][vc_row][vc_column][vc_masonry_grid post_type=&#8221;post&#8221; max_items=&#8221;10&#8243; grid_id=&#8221;vc_gid:1646403216031-335b2088-380e-4&#8243;][\/vc_column][\/vc_row][vc_row][vc_column][vc_video link=&#8221;https:\/\/youtu.be\/9Jt3dRfYBdI?list=PLR9FwL3IzZsVRyFcuafkRYKfgAlp2Wh9w&#8221; align=&#8221;center&#8221; css_animation=&#8221;fadeIn&#8221; title=&#8221;Our Posts via Youtube&#8221;][\/vc_column][\/vc_row] [...]Read More\" \/>\n<meta property=\"og:url\" content=\"https:\/\/gtctrade.com\/en\/medyada-biz\/\" \/>\n<meta property=\"og:site_name\" content=\"GTC - Photovoltaic Solar Systems\" \/>\n<meta property=\"article:publisher\" content=\"https:\/\/www.facebook.com\/GTCsolarsystems\" \/>\n<meta property=\"article:modified_time\" content=\"2022-03-04T14:16:45+00:00\" \/>\n<meta property=\"og:image\" content=\"https:\/\/gtctrade.com\/wp-content\/uploads\/2021\/07\/Endustriyel-Cati-Uygulamalari.png\" \/>\n\t<meta property=\"og:image:width\" content=\"1920\" \/>\n\t<meta property=\"og:image:height\" content=\"1080\" \/>\n\t<meta property=\"og:image:type\" content=\"image\/png\" \/>\n<meta name=\"twitter:card\" content=\"summary_large_image\" \/>\n<meta name=\"twitter:site\" content=\"@GtcSolar\" \/>\n<meta name=\"twitter:label1\" content=\"Est. reading time\" \/>\n\t<meta name=\"twitter:data1\" content=\"1 minute\" \/>\n<script type=\"application\/ld+json\" class=\"yoast-schema-graph\">{\"@context\":\"https:\\\/\\\/schema.org\",\"@graph\":[{\"@type\":\"WebPage\",\"@id\":\"https:\\\/\\\/gtctrade.com\\\/tr\\\/medyada-biz\\\/\",\"url\":\"https:\\\/\\\/gtctrade.com\\\/tr\\\/medyada-biz\\\/\",\"name\":\"NEWS ABOUT US\",\"isPartOf\":{\"@id\":\"https:\\\/\\\/gtctrade.com\\\/tr\\\/#website\"},\"datePublished\":\"2021-08-13T11:11:58+00:00\",\"dateModified\":\"2022-03-04T14:16:45+00:00\",\"breadcrumb\":{\"@id\":\"https:\\\/\\\/gtctrade.com\\\/tr\\\/medyada-biz\\\/#breadcrumb\"},\"inLanguage\":\"en-US\",\"potentialAction\":[{\"@type\":\"ReadAction\",\"target\":[\"https:\\\/\\\/gtctrade.com\\\/tr\\\/medyada-biz\\\/\"]}]},{\"@type\":\"BreadcrumbList\",\"@id\":\"https:\\\/\\\/gtctrade.com\\\/tr\\\/medyada-biz\\\/#breadcrumb\",\"itemListElement\":[{\"@type\":\"ListItem\",\"position\":1,\"name\":\"Anasayfa\",\"item\":\"https:\\\/\\\/gtctrade.com\\\/tr\\\/\"},{\"@type\":\"ListItem\",\"position\":2,\"name\":\"Medyada Biz\"}]},{\"@type\":\"WebSite\",\"@id\":\"https:\\\/\\\/gtctrade.com\\\/tr\\\/#website\",\"url\":\"https:\\\/\\\/gtctrade.com\\\/tr\\\/\",\"name\":\"GTC - Photovoltaic Solar Systems\",\"description\":\"The sun is enough for us!\",\"publisher\":{\"@id\":\"https:\\\/\\\/gtctrade.com\\\/tr\\\/#organization\"},\"potentialAction\":[{\"@type\":\"SearchAction\",\"target\":{\"@type\":\"EntryPoint\",\"urlTemplate\":\"https:\\\/\\\/gtctrade.com\\\/tr\\\/?s={search_term_string}\"},\"query-input\":{\"@type\":\"PropertyValueSpecification\",\"valueRequired\":true,\"valueName\":\"search_term_string\"}}],\"inLanguage\":\"en-US\"},{\"@type\":\"Organization\",\"@id\":\"https:\\\/\\\/gtctrade.com\\\/tr\\\/#organization\",\"name\":\"G\u00fcne\u015f Sanayi ve Ticaret A.\u015e.\",\"url\":\"https:\\\/\\\/gtctrade.com\\\/tr\\\/\",\"logo\":{\"@type\":\"ImageObject\",\"inLanguage\":\"en-US\",\"@id\":\"https:\\\/\\\/gtctrade.com\\\/tr\\\/#\\\/schema\\\/logo\\\/image\\\/\",\"url\":\"https:\\\/\\\/gtctrade.com\\\/wp-content\\\/uploads\\\/2021\\\/04\\\/gtclogo.png\",\"contentUrl\":\"https:\\\/\\\/gtctrade.com\\\/wp-content\\\/uploads\\\/2021\\\/04\\\/gtclogo.png\",\"width\":300,\"height\":148,\"caption\":\"G\u00fcne\u015f Sanayi ve Ticaret A.\u015e.\"},\"image\":{\"@id\":\"https:\\\/\\\/gtctrade.com\\\/tr\\\/#\\\/schema\\\/logo\\\/image\\\/\"},\"sameAs\":[\"https:\\\/\\\/www.facebook.com\\\/GTCsolarsystems\",\"https:\\\/\\\/x.com\\\/GtcSolar\",\"https:\\\/\\\/www.instagram.com\\\/gtcsolar\\\/\",\"https:\\\/\\\/www.linkedin.com\\\/company\\\/gtc-solar\",\"https:\\\/\\\/www.youtube.com\\\/gtcsolar\"]}]}<\/script>\n<!-- \/ Yoast SEO plugin. -->","yoast_head_json":{"title":"NEWS ABOUT US","robots":{"index":"index","follow":"follow","max-snippet":"max-snippet:-1","max-image-preview":"max-image-preview:large","max-video-preview":"max-video-preview:-1"},"canonical":"https:\/\/gtctrade.com\/en\/medyada-biz\/","og_locale":"en_US","og_type":"article","og_title":"[:tr]Medyada Biz[:en]NEWS ABOUT US[:] - GTC - Photovoltaic Solar Systems","og_description":"[vc_row full_width=&#8221;stretch_row_content_no_spaces&#8221; bg_type=&#8221;image&#8221; parallax_style=&#8221;vcpb-vz-jquery&#8221; bg_image_new=&#8221;id^892|url^https:\/\/gtctrade.com\/wp-content\/uploads\/2021\/03\/press-bg.jpg|caption^null|alt^null|title^press-bg|description^null&#8221; bg_image_repeat=&#8221;no-repeat&#8221;][vc_column][vc_column_text] NEWS ABOUT US News about us on different media channels [\/vc_column_text][\/vc_column][\/vc_row][vc_row][vc_column][vc_masonry_grid post_type=&#8221;post&#8221; max_items=&#8221;10&#8243; grid_id=&#8221;vc_gid:1646403216031-335b2088-380e-4&#8243;][\/vc_column][\/vc_row][vc_row][vc_column][vc_video link=&#8221;https:\/\/youtu.be\/9Jt3dRfYBdI?list=PLR9FwL3IzZsVRyFcuafkRYKfgAlp2Wh9w&#8221; align=&#8221;center&#8221; css_animation=&#8221;fadeIn&#8221; title=&#8221;Our Posts via Youtube&#8221;][\/vc_column][\/vc_row] [...]Read More","og_url":"https:\/\/gtctrade.com\/en\/medyada-biz\/","og_site_name":"GTC - Photovoltaic Solar Systems","article_publisher":"https:\/\/www.facebook.com\/GTCsolarsystems","article_modified_time":"2022-03-04T14:16:45+00:00","og_image":[{"width":1920,"height":1080,"url":"https:\/\/gtctrade.com\/wp-content\/uploads\/2021\/07\/Endustriyel-Cati-Uygulamalari.png","type":"image\/png"}],"twitter_card":"summary_large_image","twitter_site":"@GtcSolar","twitter_misc":{"Est. reading time":"1 minute"},"schema":{"@context":"https:\/\/schema.org","@graph":[{"@type":"WebPage","@id":"https:\/\/gtctrade.com\/tr\/medyada-biz\/","url":"https:\/\/gtctrade.com\/tr\/medyada-biz\/","name":"NEWS ABOUT US","isPartOf":{"@id":"https:\/\/gtctrade.com\/tr\/#website"},"datePublished":"2021-08-13T11:11:58+00:00","dateModified":"2022-03-04T14:16:45+00:00","breadcrumb":{"@id":"https:\/\/gtctrade.com\/tr\/medyada-biz\/#breadcrumb"},"inLanguage":"en-US","potentialAction":[{"@type":"ReadAction","target":["https:\/\/gtctrade.com\/tr\/medyada-biz\/"]}]},{"@type":"BreadcrumbList","@id":"https:\/\/gtctrade.com\/tr\/medyada-biz\/#breadcrumb","itemListElement":[{"@type":"ListItem","position":1,"name":"Anasayfa","item":"https:\/\/gtctrade.com\/tr\/"},{"@type":"ListItem","position":2,"name":"Medyada Biz"}]},{"@type":"WebSite","@id":"https:\/\/gtctrade.com\/tr\/#website","url":"https:\/\/gtctrade.com\/tr\/","name":"GTC - Photovoltaic Solar Systems","description":"The sun is enough for us!","publisher":{"@id":"https:\/\/gtctrade.com\/tr\/#organization"},"potentialAction":[{"@type":"SearchAction","target":{"@type":"EntryPoint","urlTemplate":"https:\/\/gtctrade.com\/tr\/?s={search_term_string}"},"query-input":{"@type":"PropertyValueSpecification","valueRequired":true,"valueName":"search_term_string"}}],"inLanguage":"en-US"},{"@type":"Organization","@id":"https:\/\/gtctrade.com\/tr\/#organization","name":"G\u00fcne\u015f Sanayi ve Ticaret A.\u015e.","url":"https:\/\/gtctrade.com\/tr\/","logo":{"@type":"ImageObject","inLanguage":"en-US","@id":"https:\/\/gtctrade.com\/tr\/#\/schema\/logo\/image\/","url":"https:\/\/gtctrade.com\/wp-content\/uploads\/2021\/04\/gtclogo.png","contentUrl":"https:\/\/gtctrade.com\/wp-content\/uploads\/2021\/04\/gtclogo.png","width":300,"height":148,"caption":"G\u00fcne\u015f Sanayi ve Ticaret A.\u015e."},"image":{"@id":"https:\/\/gtctrade.com\/tr\/#\/schema\/logo\/image\/"},"sameAs":["https:\/\/www.facebook.com\/GTCsolarsystems","https:\/\/x.com\/GtcSolar","https:\/\/www.instagram.com\/gtcsolar\/","https:\/\/www.linkedin.com\/company\/gtc-solar","https:\/\/www.youtube.com\/gtcsolar"]}]}},"_links":{"self":[{"href":"https:\/\/gtctrade.com\/en\/wp-json\/wp\/v2\/pages\/919","targetHints":{"allow":["GET"]}}],"collection":[{"href":"https:\/\/gtctrade.com\/en\/wp-json\/wp\/v2\/pages"}],"about":[{"href":"https:\/\/gtctrade.com\/en\/wp-json\/wp\/v2\/types\/page"}],"author":[{"embeddable":true,"href":"https:\/\/gtctrade.com\/en\/wp-json\/wp\/v2\/users\/2"}],"replies":[{"embeddable":true,"href":"https:\/\/gtctrade.com\/en\/wp-json\/wp\/v2\/comments?post=919"}],"version-history":[{"count":19,"href":"https:\/\/gtctrade.com\/en\/wp-json\/wp\/v2\/pages\/919\/revisions"}],"predecessor-version":[{"id":1317,"href":"https:\/\/gtctrade.com\/en\/wp-json\/wp\/v2\/pages\/919\/revisions\/1317"}],"wp:attachment":[{"href":"https:\/\/gtctrade.com\/en\/wp-json\/wp\/v2\/media?parent=919"}],"curies":[{"name":"wp","href":"https:\/\/api.w.org\/{rel}","templated":true}]}}