{"id":362,"date":"2021-05-07T14:07:11","date_gmt":"2021-05-07T16:07:11","guid":{"rendered":"https:\/\/gtctrade.com\/?page_id=362"},"modified":"2022-09-21T14:53:14","modified_gmt":"2022-09-21T11:53:14","slug":"kalite-2","status":"publish","type":"page","link":"https:\/\/gtctrade.com\/tr\/kalite-2\/","title":{"rendered":"Kalite"},"content":{"rendered":"<section class=\"wpb-content-wrapper\"><p>[vc_row full_width=&#8221;stretch_row_content_no_spaces&#8221;][vc_column]\n\t\t\t<!-- START kalite REVOLUTION SLIDER 16.6.20 --><p class=\"rs-p-wp-fix\"><\/p>\n\t\t\t<rs-module-wrap id=\"rev_slider_8_1_wrapper\" data-source=\"gallery\" style=\"visibility:hidden;background:#ffffff;padding:none;margin:0px auto;margin-top:0;margin-bottom:0;\">\n\t\t\t\t<rs-module id=\"rev_slider_8_1\" style=\"\" data-version=\"16.6.20\">\n\t\t\t\t\t<rs-slides style=\"overflow: hidden; position: absolute;\">\n\t\t\t\t\t\t<rs-slide style=\"position: absolute;\" data-key=\"rs-13\" data-title=\"Slide\" data-anim=\"ms:1000;r:0;\" data-in=\"o:0;\" data-out=\"a:false;\" id=\"akilli-santraller\">\n\t\t\t\t\t\t\t<img decoding=\"async\" src=\"\/\/gtctrade.com\/wp-content\/plugins\/revslider\/public\/assets\/assets\/dummy.png\" alt=\"\" title=\"Kalite\" class=\"rev-slidebg tp-rs-img rs-lazyload\" data-lazyload=\"\/\/gtctrade.com\/wp-content\/plugins\/revslider\/public\/assets\/assets\/transparent.png\" data-no-retina>\n\t\t\t\t\t\t\t<rs-bgvideo \n\t\t\t\t\t\t\t\tdata-video=\"w:100%;h:100%;nse:false;l:true;ptimer:false;vfc:true;\"\n\t\t\t\t\t\t\t\tdata-mp4=\"\/\/gtctrade.com\/wp-content\/uploads\/2021\/07\/kalite-3.mp4\"\n\t\t\t\t\t\t\t><\/rs-bgvideo>\n<!---->\t\t\t\t\t\t<\/rs-slide>\n\t\t\t\t\t<\/rs-slides>\n\t\t\t\t<\/rs-module>\n\t\t\t\t<script>\n\t\t\t\t\tsetREVStartSize({c: 'rev_slider_8_1',rl:[1240,1240,1240,480],el:[550,550,550,720],gw:[1240,1240,1240,480],gh:[550,550,550,720],type:'hero',justify:'',layout:'fullwidth',mh:\"0\"});if (window.RS_MODULES!==undefined && window.RS_MODULES.modules!==undefined && window.RS_MODULES.modules[\"revslider81\"]!==undefined) {window.RS_MODULES.modules[\"revslider81\"].once = false;window.revapi8 = undefined;if (window.RS_MODULES.checkMinimal!==undefined) window.RS_MODULES.checkMinimal()}\n\t\t\t\t<\/script>\n\t\t\t<\/rs-module-wrap>\n\t\t\t<!-- END REVOLUTION SLIDER -->\n[\/vc_column][\/vc_row][vc_row][vc_column width=&#8221;1\/6&#8243;][\/vc_column][vc_column width=&#8221;2\/3&#8243;]<div class=\"ult-spacer spacer-69d0efff4a9bb\" data-id=\"69d0efff4a9bb\" data-height=\"90\" data-height-mobile=\"90\" data-height-tab=\"90\" data-height-tab-portrait=\"\" data-height-mobile-landscape=\"\" style=\"clear:both;display:block;\"><\/div><div id=\"ultimate-heading-471069d0efff4aa16\" class=\"uvc-heading ult-adjust-bottom-margin ultimate-heading-471069d0efff4aa16 uvc-1748 \" data-hspacer=\"no_spacer\"  data-halign=\"left\" style=\"text-align:left\"><div class=\"uvc-heading-spacer no_spacer\" style=\"top\"><\/div><div class=\"uvc-main-heading ult-responsive\"  data-ultimate-target='.uvc-heading.ultimate-heading-471069d0efff4aa16 h2'  data-responsive-json-new='{\"font-size\":\"\",\"line-height\":\"\"}' ><h2 style=\"font-weight:normal;\">GTC POL\u0130T\u0130KASI<\/h2><\/div><\/div>[vc_separator color=&#8221;custom&#8221; accent_color=&#8221;#173764&#8243;][vc_column_text]<span style=\"font-weight: 400; font-size: 18px;\">GTC, ISO 9001 Kalite Y\u00f6netim Sistemi, ISO 14001 \u00c7evre Y\u00f6netim Sistemi, ISO 45001 ISG Y\u00f6netim Sistemi\u2019ni uygulamaktad\u0131r. ISO y\u00f6netim sistemlerinin GTC Kalite \u0130lkeleriyle\u00a0 koordineli ve toplu bir \u015fekilde y\u00fcr\u00fct\u00fclmesini Entegre Politika olarak adland\u0131rmaktay\u0131z. GTC&#8217;nin \u00fcst y\u00f6netimi Entegre Politikas\u0131n\u0131 tan\u0131mlam\u0131\u015f ve belgelemi\u015ftir. Bu politika, kurulu\u015fun m\u00fc\u015fteri gereksinimlerini kar\u015f\u0131lama taahh\u00fcd\u00fcn\u00fc, \u00fcr\u00fcn kalite optimizasyonunu ve s\u00fcrekli iyile\u015ftirmeyi i\u00e7ermektedir. Kurulu\u015fun amac\u0131na uygundur ve stratejik y\u00f6n\u00fcn\u00fc desteklemektedir:<\/span><\/p>\n<ul>\n<li style=\"font-weight: 400; font-size: 18px;\" aria-level=\"1\"><span style=\"font-weight: 400;\">G\u00fcne\u015f enerjisi sekt\u00f6r\u00fcnde olas\u0131 en \u00fcst\u00fcn verimlilik,kalite\u00a0 ve dayan\u0131mda \u00fcr\u00fcn\u00a0\u00a0<\/span><\/li>\n<li style=\"font-weight: 400; font-size: 18px;\" aria-level=\"1\"><span style=\"font-weight: 400;\">\u00dcretim s\u00fcrecinde m\u00fchendis denetimine dayal\u0131 \u00fcst\u00fcn KAL\u0130TE<\/span><\/li>\n<li style=\"font-weight: 400; font-size: 18px;\" aria-level=\"1\"><span style=\"font-weight: 400;\">Kurulum s\u00fcrecinde nitelikli ve \u0130SE\u00c7 denetimli kaliteli hizmet<\/span><\/li>\n<li style=\"font-weight: 400; font-size: 18px;\" aria-level=\"1\"><span style=\"font-weight: 400;\">Her y\u0131l ciromuzun %6 s\u0131n\u0131 ARGE i\u00e7in ay\u0131rarak aral\u0131ks\u0131z ve s\u00fcrd\u00fcr\u00fclebilinir ARGE\u00a0<\/span><\/li>\n<li style=\"font-weight: 400; font-size: 18px;\" aria-level=\"1\"><span style=\"font-weight: 400;\">ARGE \u00e7\u0131kt\u0131lar\u0131m\u0131za g\u00f6re s\u00fcrekli g\u00fcncellenen Kalite protokolleri<\/span><\/li>\n<li style=\"font-weight: 400; font-size: 18px;\" aria-level=\"1\"><span style=\"font-weight: 400;\">Ger\u00e7ekten ye\u015fil bir \u00e7evre i\u00e7in \u00e7evre dostu \u00fcr\u00fcn\u00a0<\/span><\/li>\n<li style=\"font-weight: 400; font-size: 18px;\" aria-level=\"1\"><span style=\"font-weight: 400;\">Ger\u00e7ekten ye\u015fil bir \u00e7evre i\u00e7in \u00e7evre dostu \u00fcretim prosesleri<\/span><\/li>\n<li style=\"font-weight: 400; font-size: 18px;\" aria-level=\"1\"><span style=\"font-weight: 400;\">Ayr\u0131\u015ft\u0131r\u0131lan ve geri d\u00f6n\u00fc\u015ft\u00fcr\u00fclen At\u0131k sistem y\u00f6netimi<\/span><\/li>\n<li style=\"font-weight: 400; font-size: 18px;\" aria-level=\"1\"><span style=\"font-weight: 400;\">Cinsiyete, cinsiyet y\u00f6nelimine, dine, mezhebe, \u0131rka, anadile bakmadan e\u015fitlik\u00e7i istihdam\u00a0<\/span><\/li>\n<li style=\"font-weight: 400; font-size: 18px;\" aria-level=\"1\"><span style=\"font-weight: 400;\">Kad\u0131nlara pozitif ayr\u0131mc\u0131l\u0131k<\/span><\/li>\n<\/ul>\n<p>[\/vc_column_text]<div class=\"ult-spacer spacer-69d0efff4aa65\" data-id=\"69d0efff4aa65\" data-height=\"45\" data-height-mobile=\"45\" data-height-tab=\"45\" data-height-tab-portrait=\"\" data-height-mobile-landscape=\"\" style=\"clear:both;display:block;\"><\/div><div id=\"ultimate-heading-490569d0efff4aa96\" class=\"uvc-heading ult-adjust-bottom-margin ultimate-heading-490569d0efff4aa96 uvc-5416 \" data-hspacer=\"no_spacer\"  data-halign=\"left\" style=\"text-align:left\"><div class=\"uvc-heading-spacer no_spacer\" style=\"top\"><\/div><div class=\"uvc-main-heading ult-responsive\"  data-ultimate-target='.uvc-heading.ultimate-heading-490569d0efff4aa96 h2'  data-responsive-json-new='{\"font-size\":\"\",\"line-height\":\"\"}' ><h2 style=\"font-weight:normal;\">ISO 9001 Kalite Sistemi<\/h2><\/div><\/div>[vc_separator color=&#8221;custom&#8221; accent_color=&#8221;#173764&#8243;][vc_column_text]<\/p>\n<p style=\"text-align: left; font-size: 18px;\">Y\u00f6netim sistemimiz, firmam\u0131z\u0131n hedeflerinin her bir \u00e7al\u0131\u015fan\u0131m\u0131z taraf\u0131ndan anla\u015f\u0131lmas\u0131, g\u00f6zlenmesi ve uygulanmas\u0131n\u0131 garanti alt\u0131na almaktad\u0131r. Kalite de\u011ferlendirilmesinin yap\u0131lmas\u0131 i\u00e7in i\u015fletmeye y\u00f6nelik b\u00fct\u00fcn veriler bir araya getirilir. Hedef gruplar\u0131 ve tamamlanm\u0131\u015f hedeflerin sabit g\u00f6zetim ger\u00e7ekle\u015fme derecesi tan\u0131mlan\u0131r.<\/p>\n<p>[\/vc_column_text]<div class=\"ult-spacer spacer-69d0efff4aad2\" data-id=\"69d0efff4aad2\" data-height=\"45\" data-height-mobile=\"45\" data-height-tab=\"45\" data-height-tab-portrait=\"\" data-height-mobile-landscape=\"\" style=\"clear:both;display:block;\"><\/div><div id=\"ultimate-heading-768569d0efff4aafd\" class=\"uvc-heading ult-adjust-bottom-margin ultimate-heading-768569d0efff4aafd uvc-7536 \" data-hspacer=\"no_spacer\"  data-halign=\"left\" style=\"text-align:left\"><div class=\"uvc-heading-spacer no_spacer\" style=\"top\"><\/div><div class=\"uvc-main-heading ult-responsive\"  data-ultimate-target='.uvc-heading.ultimate-heading-768569d0efff4aafd h2'  data-responsive-json-new='{\"font-size\":\"\",\"line-height\":\"\"}' ><h2 style=\"font-weight:normal;\">ISO 14001 \u00c7evre Y\u00f6netimi<\/h2><\/div><\/div>[vc_separator color=&#8221;custom&#8221; accent_color=&#8221;#173764&#8243;][vc_column_text]<\/p>\n<p style=\"text-align: left; font-size: 18px;\">GTC\u2019nin ana hedeflerinden biri de eldeki kaynaklar\u0131n bilin\u00e7li, tedbirli ve \u00f6zenli kullan\u0131lmas\u0131d\u0131r. Bu \u00e7evresel stresin azalt\u0131lmas\u0131n\u0131 sa\u011flar. Kendimizi s\u00fcrd\u00fcr\u00fclebilir \u00fcretime adayarak ekosistemi \u00f6nemsiyor, firmam\u0131zda bu bilinci olu\u015fturuyoruz.<\/p>\n<p>[\/vc_column_text]<div class=\"ult-spacer spacer-69d0efff4ab37\" data-id=\"69d0efff4ab37\" data-height=\"45\" data-height-mobile=\"45\" data-height-tab=\"45\" data-height-tab-portrait=\"\" data-height-mobile-landscape=\"\" style=\"clear:both;display:block;\"><\/div><div id=\"ultimate-heading-86169d0efff4ab62\" class=\"uvc-heading ult-adjust-bottom-margin ultimate-heading-86169d0efff4ab62 uvc-6400 \" data-hspacer=\"no_spacer\"  data-halign=\"left\" style=\"text-align:left\"><div class=\"uvc-heading-spacer no_spacer\" style=\"top\"><\/div><div class=\"uvc-main-heading ult-responsive\"  data-ultimate-target='.uvc-heading.ultimate-heading-86169d0efff4ab62 h2'  data-responsive-json-new='{\"font-size\":\"\",\"line-height\":\"\"}' ><h2 style=\"font-weight:normal;\">ISO 45001 \u0130\u015f Sa\u011fl\u0131\u011f\u0131 ve G\u00fcvenli\u011fi<\/h2><\/div><\/div>[vc_separator color=&#8221;custom&#8221; accent_color=&#8221;#173764&#8243;][vc_column_text]<\/p>\n<p style=\"text-align: left; font-size: 18px;\">\u00c7al\u0131\u015fan Sa\u011fl\u0131\u011f\u0131n\u0131 en y\u00fcksek d\u00fczeyde tutabilmek, i\u015f kazalar\u0131n\u0131 \u00f6nleyebilmek amac\u0131yla 0 tolerans ile t\u00fcm risk fakt\u00f6rlerini analiz ederek ana prosed\u00fcrlerimizi ve hata olu\u015ftu\u011funda d\u00fczeltici ad\u0131mlar\u0131m\u0131z\u0131 belirliyoruz.<\/p>\n<p>[\/vc_column_text][vc_row_inner][vc_column_inner width=&#8221;1\/3&#8243;][vc_single_image image=&#8221;1516&#8243; img_size=&#8221;full&#8221; alignment=&#8221;center&#8221; css=&#8221;.vc_custom_1663753562137{padding-top: 1rem !important;padding-right: 1rem !important;padding-bottom: 1rem !important;padding-left: 1rem !important;}&#8221;][\/vc_column_inner][vc_column_inner width=&#8221;1\/3&#8243;][vc_single_image image=&#8221;1515&#8243; img_size=&#8221;full&#8221; alignment=&#8221;center&#8221; css=&#8221;.vc_custom_1663753584985{padding-top: 1rem !important;padding-right: 1rem !important;padding-bottom: 1rem !important;padding-left: 1rem !important;}&#8221;][\/vc_column_inner][vc_column_inner width=&#8221;1\/3&#8243;][vc_single_image image=&#8221;1514&#8243; img_size=&#8221;full&#8221; alignment=&#8221;center&#8221; css=&#8221;.vc_custom_1663753596434{padding-top: 1rem !important;padding-right: 1rem !important;padding-bottom: 1rem !important;padding-left: 1rem !important;}&#8221;][\/vc_column_inner][\/vc_row_inner]<div class=\"ult-spacer spacer-69d0efff4abbc\" data-id=\"69d0efff4abbc\" data-height=\"90\" data-height-mobile=\"90\" data-height-tab=\"90\" data-height-tab-portrait=\"\" data-height-mobile-landscape=\"\" style=\"clear:both;display:block;\"><\/div>[\/vc_column][vc_column width=&#8221;1\/6&#8243;][\/vc_column][\/vc_row]<\/p>\n<\/section>","protected":false},"excerpt":{"rendered":"<p class=\"card-text\">[vc_row full_width=&#8221;stretch_row_content_no_spaces&#8221;][vc_column][\/vc_column][\/vc_row][vc_row][vc_column width=&#8221;1\/6&#8243;][\/vc_column][vc_column width=&#8221;2\/3&#8243;][vc_separator color=&#8221;custom&#8221; accent_color=&#8221;#173764&#8243;][vc_column_text]GTC, ISO 9001 Kalite Y\u00f6netim Sistemi, ISO 14001 \u00c7evre Y\u00f6netim Sistemi, ISO 45001 ISG Y\u00f6netim Sistemi\u2019ni uygulamaktad\u0131r. ISO y\u00f6netim sistemlerinin GTC Kalite \u0130lkeleriyle\u00a0 koordineli ve toplu bir \u015fekilde y\u00fcr\u00fct\u00fclmesini Entegre Politika olarak adland\u0131rmaktay\u0131z. GTC&#8217;nin \u00fcst y\u00f6netimi Entegre Politikas\u0131n\u0131 tan\u0131mlam\u0131\u015f ve belgelemi\u015ftir. Bu politika, kurulu\u015fun m\u00fc\u015fteri gereksinimlerini kar\u015f\u0131lama taahh\u00fcd\u00fcn\u00fc, \u00fcr\u00fcn kalite [&#8230;]<\/p>\n<p class=\"m-0\"><a class=\"btn btn-outline-secondary btn-read-more\" href=\"https:\/\/gtctrade.com\/tr\/kalite-2\/\">Read More<\/a><\/p>\n","protected":false},"author":2,"featured_media":0,"parent":0,"menu_order":0,"comment_status":"closed","ping_status":"closed","template":"","meta":{"footnotes":""},"class_list":["post-362","page","type-page","status-publish","hentry"],"yoast_head":"<!-- This site is optimized with the Yoast SEO plugin v27.3 - https:\/\/yoast.com\/product\/yoast-seo-wordpress\/ -->\n<title>Kalite<\/title>\n<meta name=\"robots\" content=\"index, follow, max-snippet:-1, max-image-preview:large, max-video-preview:-1\" \/>\n<link rel=\"canonical\" href=\"https:\/\/gtctrade.com\/tr\/kalite-2\/\" \/>\n<meta property=\"og:locale\" content=\"tr_TR\" \/>\n<meta property=\"og:locale:alternate\" content=\"en_US\" \/>\n<meta property=\"og:type\" content=\"article\" \/>\n<meta property=\"og:title\" content=\"Kalite\" \/>\n<meta property=\"og:description\" content=\"[vc_row full_width=&#8221;stretch_row_content_no_spaces&#8221;][vc_column][\/vc_column][\/vc_row][vc_row][vc_column width=&#8221;1\/6&#8243;][\/vc_column][vc_column width=&#8221;2\/3&#8243;][vc_separator color=&#8221;custom&#8221; accent_color=&#8221;#173764&#8243;][vc_column_text]GTC, ISO 9001 Kalite Y\u00f6netim Sistemi, ISO 14001 \u00c7evre Y\u00f6netim Sistemi, ISO 45001 ISG Y\u00f6netim Sistemi\u2019ni uygulamaktad\u0131r. ISO y\u00f6netim sistemlerinin GTC Kalite \u0130lkeleriyle\u00a0 koordineli ve toplu bir \u015fekilde y\u00fcr\u00fct\u00fclmesini Entegre Politika olarak adland\u0131rmaktay\u0131z. GTC&#8217;nin \u00fcst y\u00f6netimi Entegre Politikas\u0131n\u0131 tan\u0131mlam\u0131\u015f ve belgelemi\u015ftir. Bu politika, kurulu\u015fun m\u00fc\u015fteri gereksinimlerini kar\u015f\u0131lama taahh\u00fcd\u00fcn\u00fc, \u00fcr\u00fcn kalite [...]Read More\" \/>\n<meta property=\"og:url\" content=\"https:\/\/gtctrade.com\/tr\/kalite-2\/\" \/>\n<meta property=\"og:site_name\" content=\"GTC - G&uuml;ne\u015f Sanayi ve Ticaret A.\u015e\" \/>\n<meta property=\"article:publisher\" content=\"https:\/\/www.facebook.com\/GTCsolarsystems\" \/>\n<meta property=\"article:modified_time\" content=\"2022-09-21T11:53:14+00:00\" \/>\n<meta property=\"og:image\" content=\"https:\/\/gtctrade.com\/wp-content\/uploads\/2021\/07\/Endustriyel-Cati-Uygulamalari.png\" \/>\n\t<meta property=\"og:image:width\" content=\"1920\" \/>\n\t<meta property=\"og:image:height\" content=\"1080\" \/>\n\t<meta property=\"og:image:type\" content=\"image\/png\" \/>\n<meta name=\"twitter:card\" content=\"summary_large_image\" \/>\n<meta name=\"twitter:site\" content=\"@GtcSolar\" \/>\n<meta name=\"twitter:label1\" content=\"Tahmini okuma s\u00fcresi\" \/>\n\t<meta name=\"twitter:data1\" content=\"6 dakika\" \/>\n<script type=\"application\/ld+json\" class=\"yoast-schema-graph\">{\"@context\":\"https:\\\/\\\/schema.org\",\"@graph\":[{\"@type\":\"WebPage\",\"@id\":\"https:\\\/\\\/gtctrade.com\\\/tr\\\/kalite-2\\\/\",\"url\":\"https:\\\/\\\/gtctrade.com\\\/tr\\\/kalite-2\\\/\",\"name\":\"Kalite\",\"isPartOf\":{\"@id\":\"https:\\\/\\\/gtctrade.com\\\/tr\\\/#website\"},\"datePublished\":\"2021-05-07T16:07:11+00:00\",\"dateModified\":\"2022-09-21T11:53:14+00:00\",\"breadcrumb\":{\"@id\":\"https:\\\/\\\/gtctrade.com\\\/tr\\\/kalite-2\\\/#breadcrumb\"},\"inLanguage\":\"tr-TR\",\"potentialAction\":[{\"@type\":\"ReadAction\",\"target\":[\"https:\\\/\\\/gtctrade.com\\\/tr\\\/kalite-2\\\/\"]}]},{\"@type\":\"BreadcrumbList\",\"@id\":\"https:\\\/\\\/gtctrade.com\\\/tr\\\/kalite-2\\\/#breadcrumb\",\"itemListElement\":[{\"@type\":\"ListItem\",\"position\":1,\"name\":\"Anasayfa\",\"item\":\"https:\\\/\\\/gtctrade.com\\\/tr\\\/\"},{\"@type\":\"ListItem\",\"position\":2,\"name\":\"Kalite\"}]},{\"@type\":\"WebSite\",\"@id\":\"https:\\\/\\\/gtctrade.com\\\/tr\\\/#website\",\"url\":\"https:\\\/\\\/gtctrade.com\\\/tr\\\/\",\"name\":\"GTC - G&uuml;ne\u015f Sanayi ve Ticaret A.\u015e\",\"description\":\"G&uuml;ne\u015f Bize Yeter!\",\"publisher\":{\"@id\":\"https:\\\/\\\/gtctrade.com\\\/tr\\\/#organization\"},\"potentialAction\":[{\"@type\":\"SearchAction\",\"target\":{\"@type\":\"EntryPoint\",\"urlTemplate\":\"https:\\\/\\\/gtctrade.com\\\/tr\\\/?s={search_term_string}\"},\"query-input\":{\"@type\":\"PropertyValueSpecification\",\"valueRequired\":true,\"valueName\":\"search_term_string\"}}],\"inLanguage\":\"tr-TR\"},{\"@type\":\"Organization\",\"@id\":\"https:\\\/\\\/gtctrade.com\\\/tr\\\/#organization\",\"name\":\"G\u00fcne\u015f Sanayi ve Ticaret A.\u015e.\",\"url\":\"https:\\\/\\\/gtctrade.com\\\/tr\\\/\",\"logo\":{\"@type\":\"ImageObject\",\"inLanguage\":\"tr-TR\",\"@id\":\"https:\\\/\\\/gtctrade.com\\\/tr\\\/#\\\/schema\\\/logo\\\/image\\\/\",\"url\":\"https:\\\/\\\/gtctrade.com\\\/wp-content\\\/uploads\\\/2021\\\/04\\\/gtclogo.png\",\"contentUrl\":\"https:\\\/\\\/gtctrade.com\\\/wp-content\\\/uploads\\\/2021\\\/04\\\/gtclogo.png\",\"width\":300,\"height\":148,\"caption\":\"G\u00fcne\u015f Sanayi ve Ticaret A.\u015e.\"},\"image\":{\"@id\":\"https:\\\/\\\/gtctrade.com\\\/tr\\\/#\\\/schema\\\/logo\\\/image\\\/\"},\"sameAs\":[\"https:\\\/\\\/www.facebook.com\\\/GTCsolarsystems\",\"https:\\\/\\\/x.com\\\/GtcSolar\",\"https:\\\/\\\/www.instagram.com\\\/gtcsolar\\\/\",\"https:\\\/\\\/www.linkedin.com\\\/company\\\/gtc-solar\",\"https:\\\/\\\/www.youtube.com\\\/gtcsolar\"]}]}<\/script>\n<!-- \/ Yoast SEO plugin. -->","yoast_head_json":{"title":"Kalite","robots":{"index":"index","follow":"follow","max-snippet":"max-snippet:-1","max-image-preview":"max-image-preview:large","max-video-preview":"max-video-preview:-1"},"canonical":"https:\/\/gtctrade.com\/tr\/kalite-2\/","og_locale":"tr_TR","og_type":"article","og_title":"[:tr]Kalite[:en]Kalite[:] - GTC - G&uuml;ne\u015f Sanayi ve Ticaret A.\u015e","og_description":"[vc_row full_width=&#8221;stretch_row_content_no_spaces&#8221;][vc_column][\/vc_column][\/vc_row][vc_row][vc_column width=&#8221;1\/6&#8243;][\/vc_column][vc_column width=&#8221;2\/3&#8243;][vc_separator color=&#8221;custom&#8221; accent_color=&#8221;#173764&#8243;][vc_column_text]GTC, ISO 9001 Kalite Y\u00f6netim Sistemi, ISO 14001 \u00c7evre Y\u00f6netim Sistemi, ISO 45001 ISG Y\u00f6netim Sistemi\u2019ni uygulamaktad\u0131r. ISO y\u00f6netim sistemlerinin GTC Kalite \u0130lkeleriyle\u00a0 koordineli ve toplu bir \u015fekilde y\u00fcr\u00fct\u00fclmesini Entegre Politika olarak adland\u0131rmaktay\u0131z. GTC&#8217;nin \u00fcst y\u00f6netimi Entegre Politikas\u0131n\u0131 tan\u0131mlam\u0131\u015f ve belgelemi\u015ftir. Bu politika, kurulu\u015fun m\u00fc\u015fteri gereksinimlerini kar\u015f\u0131lama taahh\u00fcd\u00fcn\u00fc, \u00fcr\u00fcn kalite [...]Read More","og_url":"https:\/\/gtctrade.com\/tr\/kalite-2\/","og_site_name":"GTC - G&uuml;ne\u015f Sanayi ve Ticaret A.\u015e","article_publisher":"https:\/\/www.facebook.com\/GTCsolarsystems","article_modified_time":"2022-09-21T11:53:14+00:00","og_image":[{"width":1920,"height":1080,"url":"https:\/\/gtctrade.com\/wp-content\/uploads\/2021\/07\/Endustriyel-Cati-Uygulamalari.png","type":"image\/png"}],"twitter_card":"summary_large_image","twitter_site":"@GtcSolar","twitter_misc":{"Tahmini okuma s\u00fcresi":"6 dakika"},"schema":{"@context":"https:\/\/schema.org","@graph":[{"@type":"WebPage","@id":"https:\/\/gtctrade.com\/tr\/kalite-2\/","url":"https:\/\/gtctrade.com\/tr\/kalite-2\/","name":"Kalite","isPartOf":{"@id":"https:\/\/gtctrade.com\/tr\/#website"},"datePublished":"2021-05-07T16:07:11+00:00","dateModified":"2022-09-21T11:53:14+00:00","breadcrumb":{"@id":"https:\/\/gtctrade.com\/tr\/kalite-2\/#breadcrumb"},"inLanguage":"tr-TR","potentialAction":[{"@type":"ReadAction","target":["https:\/\/gtctrade.com\/tr\/kalite-2\/"]}]},{"@type":"BreadcrumbList","@id":"https:\/\/gtctrade.com\/tr\/kalite-2\/#breadcrumb","itemListElement":[{"@type":"ListItem","position":1,"name":"Anasayfa","item":"https:\/\/gtctrade.com\/tr\/"},{"@type":"ListItem","position":2,"name":"Kalite"}]},{"@type":"WebSite","@id":"https:\/\/gtctrade.com\/tr\/#website","url":"https:\/\/gtctrade.com\/tr\/","name":"GTC - G&uuml;ne\u015f Sanayi ve Ticaret A.\u015e","description":"G&uuml;ne\u015f Bize Yeter!","publisher":{"@id":"https:\/\/gtctrade.com\/tr\/#organization"},"potentialAction":[{"@type":"SearchAction","target":{"@type":"EntryPoint","urlTemplate":"https:\/\/gtctrade.com\/tr\/?s={search_term_string}"},"query-input":{"@type":"PropertyValueSpecification","valueRequired":true,"valueName":"search_term_string"}}],"inLanguage":"tr-TR"},{"@type":"Organization","@id":"https:\/\/gtctrade.com\/tr\/#organization","name":"G\u00fcne\u015f Sanayi ve Ticaret A.\u015e.","url":"https:\/\/gtctrade.com\/tr\/","logo":{"@type":"ImageObject","inLanguage":"tr-TR","@id":"https:\/\/gtctrade.com\/tr\/#\/schema\/logo\/image\/","url":"https:\/\/gtctrade.com\/wp-content\/uploads\/2021\/04\/gtclogo.png","contentUrl":"https:\/\/gtctrade.com\/wp-content\/uploads\/2021\/04\/gtclogo.png","width":300,"height":148,"caption":"G\u00fcne\u015f Sanayi ve Ticaret A.\u015e."},"image":{"@id":"https:\/\/gtctrade.com\/tr\/#\/schema\/logo\/image\/"},"sameAs":["https:\/\/www.facebook.com\/GTCsolarsystems","https:\/\/x.com\/GtcSolar","https:\/\/www.instagram.com\/gtcsolar\/","https:\/\/www.linkedin.com\/company\/gtc-solar","https:\/\/www.youtube.com\/gtcsolar"]}]}},"_links":{"self":[{"href":"https:\/\/gtctrade.com\/tr\/wp-json\/wp\/v2\/pages\/362","targetHints":{"allow":["GET"]}}],"collection":[{"href":"https:\/\/gtctrade.com\/tr\/wp-json\/wp\/v2\/pages"}],"about":[{"href":"https:\/\/gtctrade.com\/tr\/wp-json\/wp\/v2\/types\/page"}],"author":[{"embeddable":true,"href":"https:\/\/gtctrade.com\/tr\/wp-json\/wp\/v2\/users\/2"}],"replies":[{"embeddable":true,"href":"https:\/\/gtctrade.com\/tr\/wp-json\/wp\/v2\/comments?post=362"}],"version-history":[{"count":15,"href":"https:\/\/gtctrade.com\/tr\/wp-json\/wp\/v2\/pages\/362\/revisions"}],"predecessor-version":[{"id":1525,"href":"https:\/\/gtctrade.com\/tr\/wp-json\/wp\/v2\/pages\/362\/revisions\/1525"}],"wp:attachment":[{"href":"https:\/\/gtctrade.com\/tr\/wp-json\/wp\/v2\/media?parent=362"}],"curies":[{"name":"wp","href":"https:\/\/api.w.org\/{rel}","templated":true}]}}