{"id":469,"date":"2021-05-28T07:26:02","date_gmt":"2021-05-28T09:26:02","guid":{"rendered":"https:\/\/gtctrade.com\/?page_id=469"},"modified":"2023-12-04T11:57:50","modified_gmt":"2023-12-04T08:57:50","slug":"satis","status":"publish","type":"page","link":"https:\/\/gtctrade.com\/tr\/satis\/","title":{"rendered":"Sat\u0131\u015f"},"content":{"rendered":"<section class=\"wpb-content-wrapper\"><p>[vc_row full_width=&#8221;stretch_row_content_no_spaces&#8221;][vc_column]\n\t\t\t<!-- START satis REVOLUTION SLIDER 16.6.20 --><p class=\"rs-p-wp-fix\"><\/p>\n\t\t\t<rs-module-wrap id=\"rev_slider_10_1_wrapper\" data-source=\"gallery\" style=\"visibility:hidden;background:#ffffff;padding:none;margin:0px auto;margin-top:0;margin-bottom:0;\">\n\t\t\t\t<rs-module id=\"rev_slider_10_1\" style=\"\" data-version=\"16.6.20\">\n\t\t\t\t\t<rs-slides style=\"overflow: hidden; position: absolute;\">\n\t\t\t\t\t\t<rs-slide style=\"position: absolute;\" data-key=\"rs-15\" data-title=\"Slide\" data-in=\"o:0;\" data-out=\"a:false;\" id=\"akilli-santraller\">\n\t\t\t\t\t\t\t<img decoding=\"async\" src=\"\/\/gtctrade.com\/wp-content\/plugins\/revslider\/public\/assets\/assets\/dummy.png\" alt=\"\" title=\"Sat\u0131\u015f\" class=\"rev-slidebg tp-rs-img rs-lazyload\" data-lazyload=\"\/\/gtctrade.com\/wp-content\/plugins\/revslider\/public\/assets\/assets\/transparent.png\" data-no-retina>\n\t\t\t\t\t\t\t<rs-bgvideo \n\t\t\t\t\t\t\t\tdata-video=\"w:100%;h:100%;nse:false;l:true;ptimer:false;vfc:true;\"\n\t\t\t\t\t\t\t\tdata-mp4=\"\/\/gtctrade.com\/wp-content\/uploads\/2021\/05\/satis2.mp4\"\n\t\t\t\t\t\t\t><\/rs-bgvideo>\n<!--\n\t\t\t\t\t\t\t--><rs-layer\n\t\t\t\t\t\t\t\tid=\"slider-10-slide-15-layer-8\" \n\t\t\t\t\t\t\t\tdata-type=\"text\"\n\t\t\t\t\t\t\t\tdata-color=\"#173764\"\n\t\t\t\t\t\t\t\tdata-rsp_ch=\"on\"\n\t\t\t\t\t\t\t\tdata-xy=\"x:c;y:m;\"\n\t\t\t\t\t\t\t\tdata-text=\"w:nowrap;s:60,60,60,30;l:80,80,80,30;fw:700;a:center;\"\n\t\t\t\t\t\t\t\tdata-dim=\"w:197px,197px,197px,92px;\"\n\t\t\t\t\t\t\t\tdata-basealign=\"slide\"\n\t\t\t\t\t\t\t\tdata-frame_0=\"y:100%;\"\n\t\t\t\t\t\t\t\tdata-frame_1=\"e:power4.inOut;st:1280;sp:1200;sR:1280;\"\n\t\t\t\t\t\t\t\tdata-frame_999=\"o:0;e:power4.inOut;st:w;sp:330;sR:6520;\"\n\t\t\t\t\t\t\t\tstyle=\"z-index:9;background-color:#ffffff;font-family:brandon-grotesque, sans-serif !important;\"\n\t\t\t\t\t\t\t>SATI\u015e \n\t\t\t\t\t\t\t<\/rs-layer><!--\n-->\t\t\t\t\t\t<\/rs-slide>\n\t\t\t\t\t<\/rs-slides>\n\t\t\t\t<\/rs-module>\n\t\t\t\t<script>\n\t\t\t\t\tsetREVStartSize({c: 'rev_slider_10_1',rl:[1240,1240,1240,480],el:[550,550,550,720],gw:[1240,1240,1240,480],gh:[550,550,550,720],type:'hero',justify:'',layout:'fullwidth',mh:\"0\"});if (window.RS_MODULES!==undefined && window.RS_MODULES.modules!==undefined && window.RS_MODULES.modules[\"revslider101\"]!==undefined) {window.RS_MODULES.modules[\"revslider101\"].once = false;window.revapi10 = undefined;if (window.RS_MODULES.checkMinimal!==undefined) window.RS_MODULES.checkMinimal()}\n\t\t\t\t<\/script>\n\t\t\t<\/rs-module-wrap>\n\t\t\t<!-- END REVOLUTION SLIDER -->\n[\/vc_column][\/vc_row][vc_row css=&#8221;.vc_custom_1620133489376{margin-bottom: 45px !important;}&#8221;][vc_column width=&#8221;1\/6&#8243;][\/vc_column][vc_column width=&#8221;2\/3&#8243;]<div class=\"ult-spacer spacer-69d02a4dbd006\" data-id=\"69d02a4dbd006\" data-height=\"90\" data-height-mobile=\"90\" data-height-tab=\"90\" data-height-tab-portrait=\"\" data-height-mobile-landscape=\"\" style=\"clear:both;display:block;\"><\/div>[vc_column_text el_class=&#8221;buyuk-yazi&#8221;]<span style=\"font-weight: 400;\">M\u00fc\u015fterilerimize\u00a0 bedelsiz olarak \u015fu hizmetleri sunuyoruz :<\/span><\/p>\n<p><strong>\u0130\u015f al\u0131m \u00f6ncesi:<\/strong>[\/vc_column_text]<div class=\"smile_icon_list_wrap ult_info_list_container ult-adjust-bottom-margin bg-sari-degrade \"><ul class=\"smile_icon_list left circle with_bg\"><li class=\"icon_list_item\" style=\" font-size:60px;\"><div class=\"icon_list_icon\" data-animation=\"fadeInUp\" data-animation-delay=\"03\" style=\"font-size:20px;border-width:1px;border-style:none;background:#ffffff;color:#173764;border-color:#333333;\"><i class=\"Defaults-check\" ><\/i><\/div><div class=\"icon_description\" id=\"Info-list-wrap-8901\" style=\"font-size:20px;\"><div class=\"icon_description_text ult-responsive\"  data-ultimate-target='#Info-list-wrap-8901 .icon_description_text'  data-responsive-json-new='{\"font-size\":\"desktop:18px;\",\"line-height\":\"desktop:18px;\"}'  style=\"\"><h4 style=\"text-align: left;\"><span style=\"font-weight: 400;\">Ke\u015fif ve inceleme hizmeti<\/span><\/h4>\n<\/div><\/div><div class=\"icon_list_connector\"  style=\"border: none !important;\"><\/div><\/li><li class=\"icon_list_item\" style=\" font-size:60px;\"><div class=\"icon_list_icon\" data-animation=\"fadeInUp\" data-animation-delay=\"03\" style=\"font-size:20px;border-width:1px;border-style:none;background:#ffffff;color:#173764;border-color:#333333;\"><i class=\"Defaults-check\" ><\/i><\/div><div class=\"icon_description\" id=\"Info-list-wrap-2050\" style=\"font-size:20px;\"><div class=\"icon_description_text ult-responsive\"  data-ultimate-target='#Info-list-wrap-2050 .icon_description_text'  data-responsive-json-new='{\"font-size\":\"desktop:18px;\",\"line-height\":\"desktop:18px;\"}'  style=\"\"><h4 style=\"text-align: left;\"><span style=\"font-weight: 400;\">\u00d6n m\u00fchendislik \u00e7al\u0131\u015fmalar\u0131<\/span><\/h4>\n<\/div><\/div><div class=\"icon_list_connector\"  style=\"border: none !important;\"><\/div><\/li><\/ul><\/div>[vc_column_text el_class=&#8221;buyuk-yazi&#8221;]<strong>\u0130\u015f biti\u015f sonras\u0131:<\/strong>[\/vc_column_text]<div class=\"smile_icon_list_wrap ult_info_list_container ult-adjust-bottom-margin bg-sari-degrade \"><ul class=\"smile_icon_list left circle with_bg\"><li class=\"icon_list_item\" style=\" font-size:60px;\"><div class=\"icon_list_icon\" data-animation=\"fadeInUp\" data-animation-delay=\"03\" style=\"font-size:20px;border-width:1px;border-style:none;background:#ffffff;color:#173764;border-color:#333333;\"><i class=\"Defaults-check\" ><\/i><\/div><div class=\"icon_description\" id=\"Info-list-wrap-6401\" style=\"font-size:20px;\"><div class=\"icon_description_text ult-responsive\"  data-ultimate-target='#Info-list-wrap-6401 .icon_description_text'  data-responsive-json-new='{\"font-size\":\"desktop:18px;\",\"line-height\":\"desktop:18px;\"}'  style=\"\"><h4 style=\"text-align: left;\"><span style=\"font-weight: 400;\">Izleme (monitoring) hizmeti<\/span><\/h4>\n<\/div><\/div><div class=\"icon_list_connector\"  style=\"border: none !important;\"><\/div><\/li><\/ul><\/div>[vc_column_text]<span style=\"font-weight: 400;\">\u00dcr\u00fcnlerimiz ve hizmetlerimizle ilgili bilgi almak i\u00e7in l\u00fctfen sat\u0131\u015f ekibimizle ileti\u015fime ge\u00e7ebilirsiniz:<\/span><\/p>\n<p><span style=\"font-weight: 400;\">Tel: 0 416 290 35 35\u00a0<\/span><\/p>\n<p><span style=\"font-weight: 400;\">Gsm\/WhatsApp: 0 554 579 18 98 \/\u00a0 0551 257 86 02 \u00a0 \/\u00a0 0554 577 21 21 \/ 0551 257 86 04<\/span><\/p>\n<p><span style=\"font-weight: 400;\">E-posta: <\/span><a href=\"mailto:sales@gtctrade.com\"><span style=\"font-weight: 400;\">sales@gtctrade.com<\/span><\/a> \u00a0<a href=\"mailto:satis@gtcsolarpv.com\"><span style=\"font-weight: 400;\">satis@gtcsolarpv.com<\/span><\/a><\/p>\n<p><strong>G\u00fcne\u015f Paneli Fabrikas\u0131<\/strong><\/p>\n<p>Petrol Mah. Organize Sanayi B\u00f6lgesi, 11.cadde No: 2\/1 02040 Ad\u0131yaman<\/p>\n<p><strong>G\u00fcne\u015f H\u00fccresi Fabrikas\u0131<\/strong><\/p>\n<p>Bor Karma Deri OSB 2B Nolu Yol D\u0131\u015fkap\u0131 No:9, 51000 Bor\/Ni\u011fde<\/p>\n<p><span style=\"font-weight: 400;\">Tel: 0 388 502 14 82<\/span>[\/vc_column_text]<div class=\"ult-spacer spacer-69d02a4dbd3e2\" data-id=\"69d02a4dbd3e2\" data-height=\"30\" data-height-mobile=\"30\" data-height-tab=\"30\" data-height-tab-portrait=\"\" data-height-mobile-landscape=\"\" style=\"clear:both;display:block;\"><\/div><div class=\"ult-spacer spacer-69d02a4dbd40c\" data-id=\"69d02a4dbd40c\" data-height=\"90\" data-height-mobile=\"90\" data-height-tab=\"90\" data-height-tab-portrait=\"\" data-height-mobile-landscape=\"\" style=\"clear:both;display:block;\"><\/div>[\/vc_column][vc_column width=&#8221;1\/6&#8243;][\/vc_column][\/vc_row][vc_row full_width=&#8221;stretch_row_content_no_spaces&#8221;][vc_column]<div id=\"ultimate-heading-768069d02a4dbd456\" class=\"uvc-heading ult-adjust-bottom-margin ultimate-heading-768069d02a4dbd456 uvc-4098 \" data-hspacer=\"no_spacer\"  data-halign=\"center\" style=\"text-align:center\"><div class=\"uvc-heading-spacer no_spacer\" style=\"top\"><\/div><div class=\"uvc-main-heading ult-responsive\"  data-ultimate-target='.uvc-heading.ultimate-heading-768069d02a4dbd456 h2'  data-responsive-json-new='{\"font-size\":\"\",\"line-height\":\"\"}' ><h2 style=\"font-weight:normal;\">G\u00dcNE\u015e PANEL\u0130 \u00dcRET\u0130M TES\u0130S\u0130M\u0130Z<\/h2><\/div><\/div>[vc_gmaps link=&#8221;#E-8_JTNDaWZyYW1lJTIwc3JjJTNEJTIyaHR0cHMlM0ElMkYlMkZ3d3cuZ29vZ2xlLmNvbSUyRm1hcHMlMkZlbWJlZCUzRnBiJTNEJTIxMW0xOCUyMTFtMTIlMjExbTMlMjExZDMxNTMuMzQwNDM1MjAyMjk0NCUyMTJkMzguMjEyMTEzMDE1ODU2OSUyMTNkMzcuNzgyMDYwODE5NTEyMjMlMjEybTMlMjExZjAlMjEyZjAlMjEzZjAlMjEzbTIlMjExaTEwMjQlMjEyaTc2OCUyMTRmMTMuMSUyMTNtMyUyMTFtMiUyMTFzMHgxNTMzMTE0NmZhNTkzNzFiJTI1M0EweDYzMjllNTc3OTdlZDM3MWQlMjEyc0dUQyUyNTIwU29sYXIlMjE1ZTAlMjEzbTIlMjExc2VuJTIxMnN0ciUyMTR2MTYyNjI4MTUwNjI4OSUyMTVtMiUyMTFzZW4lMjEyc3RyJTIyJTIwd2lkdGglM0QlMjIxMDAlMjUlMjIlMjBoZWlnaHQlM0QlMjI3NTAlMjIlMjBzdHlsZSUzRCUyMmJvcmRlciUzQTAlM0IlMjIlMjBhbGxvd2Z1bGxzY3JlZW4lM0QlMjIlMjIlMjBsb2FkaW5nJTNEJTIybGF6eSUyMiUzRSUzQyUyRmlmcmFtZSUzRQ==&#8221; css=&#8221;.vc_custom_1626281957870{margin-bottom: 0px !important;padding-top: 0px !important;padding-right: 0px !important;padding-bottom: 0px !important;padding-left: 0px !important;background-color: #ffffff !important;}&#8221;][\/vc_column][\/vc_row][vc_row full_width=&#8221;stretch_row_content_no_spaces&#8221;][vc_column]<div class=\"ult-spacer spacer-69d02a4dbd4a3\" data-id=\"69d02a4dbd4a3\" data-height=\"90\" data-height-mobile=\"90\" data-height-tab=\"90\" data-height-tab-portrait=\"\" data-height-mobile-landscape=\"\" style=\"clear:both;display:block;\"><\/div><div id=\"ultimate-heading-572769d02a4dbd4cf\" class=\"uvc-heading ult-adjust-bottom-margin ultimate-heading-572769d02a4dbd4cf uvc-3239 \" data-hspacer=\"no_spacer\"  data-halign=\"center\" style=\"text-align:center\"><div class=\"uvc-heading-spacer no_spacer\" style=\"top\"><\/div><div class=\"uvc-main-heading ult-responsive\"  data-ultimate-target='.uvc-heading.ultimate-heading-572769d02a4dbd4cf h2'  data-responsive-json-new='{\"font-size\":\"\",\"line-height\":\"\"}' ><h2 style=\"font-weight:normal;\">G\u00dcNE\u015e H\u00dcCRES\u0130 \u00dcRET\u0130M TES\u0130S\u0130M\u0130Z<\/h2><\/div><\/div>[vc_gmaps link=&#8221;#E-8_JTNDaWZyYW1lJTIwc3JjJTNEJTIyaHR0cHMlM0ElMkYlMkZ3d3cuZ29vZ2xlLmNvbSUyRm1hcHMlMkZlbWJlZCUzRnBiJTNEJTIxMW0xNCUyMTFtOCUyMTFtMyUyMTFkMTI1OTkuNjgzNzcwODMzOTk0JTIxMmQzNC40NzQxNTEyJTIxM2QzNy44NjIxNDAyJTIxM20yJTIxMWkxMDI0JTIxMmk3NjglMjE0ZjEzLjElMjEzbTMlMjExbTIlMjExczB4MTRkNjI5N2YyNmYwMjg4OSUyNTNBMHhkZmE5MjBlNzhlZTRmNjIlMjEyelIxUkRJRWZEbkU1RnhaNGdTTU9jUTFKRlU4U3dJRVpCUWxMRXNFdEJVMGslMjE1ZTAlMjEzbTIlMjExc2VuJTIxMnN0ciUyMTR2MTcwMTY3Nzk2Njg5MyUyMTVtMiUyMTFzZW4lMjEyc3RyJTIyJTIwd2lkdGglM0QlMjI2MDAlMjIlMjBoZWlnaHQlM0QlMjI0NTAlMjIlMjBzdHlsZSUzRCUyMmJvcmRlciUzQTAlM0IlMjIlMjBhbGxvd2Z1bGxzY3JlZW4lM0QlMjIlMjIlMjBsb2FkaW5nJTNEJTIybGF6eSUyMiUyMHJlZmVycmVycG9saWN5JTNEJTIybm8tcmVmZXJyZXItd2hlbi1kb3duZ3JhZGUlMjIlM0UlM0MlMkZpZnJhbWUlM0U=&#8221; css=&#8221;.vc_custom_1701677979409{margin-bottom: 0px !important;padding-top: 0px !important;padding-right: 0px !important;padding-bottom: 0px !important;padding-left: 0px !important;background-color: #ffffff !important;}&#8221;]<div class=\"ult-spacer spacer-69d02a4dbd514\" data-id=\"69d02a4dbd514\" data-height=\"90\" data-height-mobile=\"90\" data-height-tab=\"90\" data-height-tab-portrait=\"\" data-height-mobile-landscape=\"\" style=\"clear:both;display:block;\"><\/div>[\/vc_column][\/vc_row]<\/p>\n<\/section>","protected":false},"excerpt":{"rendered":"<p class=\"card-text\">[vc_row full_width=&#8221;stretch_row_content_no_spaces&#8221;][vc_column][\/vc_column][\/vc_row][vc_row css=&#8221;.vc_custom_1620133489376{margin-bottom: 45px !important;}&#8221;][vc_column width=&#8221;1\/6&#8243;][\/vc_column][vc_column width=&#8221;2\/3&#8243;][vc_column_text el_class=&#8221;buyuk-yazi&#8221;]M\u00fc\u015fterilerimize\u00a0 bedelsiz olarak \u015fu hizmetleri sunuyoruz : \u0130\u015f al\u0131m \u00f6ncesi:[\/vc_column_text][vc_column_text el_class=&#8221;buyuk-yazi&#8221;]\u0130\u015f biti\u015f sonras\u0131:[\/vc_column_text][vc_column_text]\u00dcr\u00fcnlerimiz ve hizmetlerimizle ilgili bilgi almak i\u00e7in l\u00fctfen sat\u0131\u015f ekibimizle ileti\u015fime ge\u00e7ebilirsiniz: Tel: 0 416 290 35 35\u00a0 Gsm\/WhatsApp: 0 554 579 18 98 \/\u00a0 0551 257 86 02 \u00a0 \/\u00a0 0554 577 21 21 \/ [&#8230;]<\/p>\n<p class=\"m-0\"><a class=\"btn btn-outline-secondary btn-read-more\" href=\"https:\/\/gtctrade.com\/tr\/satis\/\">Read More<\/a><\/p>\n","protected":false},"author":2,"featured_media":0,"parent":0,"menu_order":0,"comment_status":"closed","ping_status":"closed","template":"","meta":{"footnotes":""},"class_list":["post-469","page","type-page","status-publish","hentry"],"yoast_head":"<!-- This site is optimized with the Yoast SEO plugin v27.3 - https:\/\/yoast.com\/product\/yoast-seo-wordpress\/ -->\n<title>Sat\u0131\u015f<\/title>\n<meta name=\"robots\" content=\"index, follow, max-snippet:-1, max-image-preview:large, max-video-preview:-1\" \/>\n<link rel=\"canonical\" href=\"https:\/\/gtctrade.com\/tr\/satis\/\" \/>\n<meta property=\"og:locale\" content=\"tr_TR\" \/>\n<meta property=\"og:locale:alternate\" content=\"en_US\" \/>\n<meta property=\"og:type\" content=\"article\" \/>\n<meta property=\"og:title\" content=\"Sat\u0131\u015f\" \/>\n<meta property=\"og:description\" content=\"[vc_row full_width=&#8221;stretch_row_content_no_spaces&#8221;][vc_column][\/vc_column][\/vc_row][vc_row css=&#8221;.vc_custom_1620133489376{margin-bottom: 45px !important;}&#8221;][vc_column width=&#8221;1\/6&#8243;][\/vc_column][vc_column width=&#8221;2\/3&#8243;][vc_column_text el_class=&#8221;buyuk-yazi&#8221;]M\u00fc\u015fterilerimize\u00a0 bedelsiz olarak \u015fu hizmetleri sunuyoruz : \u0130\u015f al\u0131m \u00f6ncesi:[\/vc_column_text][vc_column_text el_class=&#8221;buyuk-yazi&#8221;]\u0130\u015f biti\u015f sonras\u0131:[\/vc_column_text][vc_column_text]\u00dcr\u00fcnlerimiz ve hizmetlerimizle ilgili bilgi almak i\u00e7in l\u00fctfen sat\u0131\u015f ekibimizle ileti\u015fime ge\u00e7ebilirsiniz: Tel: 0 416 290 35 35\u00a0 Gsm\/WhatsApp: 0 554 579 18 98 \/\u00a0 0551 257 86 02 \u00a0 \/\u00a0 0554 577 21 21 \/ [...]Read More\" \/>\n<meta property=\"og:url\" content=\"https:\/\/gtctrade.com\/tr\/satis\/\" \/>\n<meta property=\"og:site_name\" content=\"GTC - G&uuml;ne\u015f Sanayi ve Ticaret A.\u015e\" \/>\n<meta property=\"article:publisher\" content=\"https:\/\/www.facebook.com\/GTCsolarsystems\" \/>\n<meta property=\"article:modified_time\" content=\"2023-12-04T08:57:50+00:00\" \/>\n<meta property=\"og:image\" content=\"https:\/\/gtctrade.com\/wp-content\/uploads\/2021\/07\/Endustriyel-Cati-Uygulamalari.png\" \/>\n\t<meta property=\"og:image:width\" content=\"1920\" \/>\n\t<meta property=\"og:image:height\" content=\"1080\" \/>\n\t<meta property=\"og:image:type\" content=\"image\/png\" \/>\n<meta name=\"twitter:card\" content=\"summary_large_image\" \/>\n<meta name=\"twitter:site\" content=\"@GtcSolar\" \/>\n<meta name=\"twitter:label1\" content=\"Tahmini okuma s\u00fcresi\" \/>\n\t<meta name=\"twitter:data1\" content=\"2 dakika\" \/>\n<script type=\"application\/ld+json\" class=\"yoast-schema-graph\">{\"@context\":\"https:\\\/\\\/schema.org\",\"@graph\":[{\"@type\":\"WebPage\",\"@id\":\"https:\\\/\\\/gtctrade.com\\\/tr\\\/satis\\\/\",\"url\":\"https:\\\/\\\/gtctrade.com\\\/tr\\\/satis\\\/\",\"name\":\"Sat\u0131\u015f\",\"isPartOf\":{\"@id\":\"https:\\\/\\\/gtctrade.com\\\/tr\\\/#website\"},\"datePublished\":\"2021-05-28T09:26:02+00:00\",\"dateModified\":\"2023-12-04T08:57:50+00:00\",\"breadcrumb\":{\"@id\":\"https:\\\/\\\/gtctrade.com\\\/tr\\\/satis\\\/#breadcrumb\"},\"inLanguage\":\"tr-TR\",\"potentialAction\":[{\"@type\":\"ReadAction\",\"target\":[\"https:\\\/\\\/gtctrade.com\\\/tr\\\/satis\\\/\"]}]},{\"@type\":\"BreadcrumbList\",\"@id\":\"https:\\\/\\\/gtctrade.com\\\/tr\\\/satis\\\/#breadcrumb\",\"itemListElement\":[{\"@type\":\"ListItem\",\"position\":1,\"name\":\"Anasayfa\",\"item\":\"https:\\\/\\\/gtctrade.com\\\/tr\\\/\"},{\"@type\":\"ListItem\",\"position\":2,\"name\":\"Sat\u0131\u015f\"}]},{\"@type\":\"WebSite\",\"@id\":\"https:\\\/\\\/gtctrade.com\\\/tr\\\/#website\",\"url\":\"https:\\\/\\\/gtctrade.com\\\/tr\\\/\",\"name\":\"GTC - G&uuml;ne\u015f Sanayi ve Ticaret A.\u015e\",\"description\":\"G&uuml;ne\u015f Bize Yeter!\",\"publisher\":{\"@id\":\"https:\\\/\\\/gtctrade.com\\\/tr\\\/#organization\"},\"potentialAction\":[{\"@type\":\"SearchAction\",\"target\":{\"@type\":\"EntryPoint\",\"urlTemplate\":\"https:\\\/\\\/gtctrade.com\\\/tr\\\/?s={search_term_string}\"},\"query-input\":{\"@type\":\"PropertyValueSpecification\",\"valueRequired\":true,\"valueName\":\"search_term_string\"}}],\"inLanguage\":\"tr-TR\"},{\"@type\":\"Organization\",\"@id\":\"https:\\\/\\\/gtctrade.com\\\/tr\\\/#organization\",\"name\":\"G\u00fcne\u015f Sanayi ve Ticaret A.\u015e.\",\"url\":\"https:\\\/\\\/gtctrade.com\\\/tr\\\/\",\"logo\":{\"@type\":\"ImageObject\",\"inLanguage\":\"tr-TR\",\"@id\":\"https:\\\/\\\/gtctrade.com\\\/tr\\\/#\\\/schema\\\/logo\\\/image\\\/\",\"url\":\"https:\\\/\\\/gtctrade.com\\\/wp-content\\\/uploads\\\/2021\\\/04\\\/gtclogo.png\",\"contentUrl\":\"https:\\\/\\\/gtctrade.com\\\/wp-content\\\/uploads\\\/2021\\\/04\\\/gtclogo.png\",\"width\":300,\"height\":148,\"caption\":\"G\u00fcne\u015f Sanayi ve Ticaret A.\u015e.\"},\"image\":{\"@id\":\"https:\\\/\\\/gtctrade.com\\\/tr\\\/#\\\/schema\\\/logo\\\/image\\\/\"},\"sameAs\":[\"https:\\\/\\\/www.facebook.com\\\/GTCsolarsystems\",\"https:\\\/\\\/x.com\\\/GtcSolar\",\"https:\\\/\\\/www.instagram.com\\\/gtcsolar\\\/\",\"https:\\\/\\\/www.linkedin.com\\\/company\\\/gtc-solar\",\"https:\\\/\\\/www.youtube.com\\\/gtcsolar\"]}]}<\/script>\n<!-- \/ Yoast SEO plugin. -->","yoast_head_json":{"title":"Sat\u0131\u015f","robots":{"index":"index","follow":"follow","max-snippet":"max-snippet:-1","max-image-preview":"max-image-preview:large","max-video-preview":"max-video-preview:-1"},"canonical":"https:\/\/gtctrade.com\/tr\/satis\/","og_locale":"tr_TR","og_type":"article","og_title":"[:tr]Sat\u0131\u015f[:en]Sat\u0131\u015f[:] - GTC - G&uuml;ne\u015f Sanayi ve Ticaret A.\u015e","og_description":"[vc_row full_width=&#8221;stretch_row_content_no_spaces&#8221;][vc_column][\/vc_column][\/vc_row][vc_row css=&#8221;.vc_custom_1620133489376{margin-bottom: 45px !important;}&#8221;][vc_column width=&#8221;1\/6&#8243;][\/vc_column][vc_column width=&#8221;2\/3&#8243;][vc_column_text el_class=&#8221;buyuk-yazi&#8221;]M\u00fc\u015fterilerimize\u00a0 bedelsiz olarak \u015fu hizmetleri sunuyoruz : \u0130\u015f al\u0131m \u00f6ncesi:[\/vc_column_text][vc_column_text el_class=&#8221;buyuk-yazi&#8221;]\u0130\u015f biti\u015f sonras\u0131:[\/vc_column_text][vc_column_text]\u00dcr\u00fcnlerimiz ve hizmetlerimizle ilgili bilgi almak i\u00e7in l\u00fctfen sat\u0131\u015f ekibimizle ileti\u015fime ge\u00e7ebilirsiniz: Tel: 0 416 290 35 35\u00a0 Gsm\/WhatsApp: 0 554 579 18 98 \/\u00a0 0551 257 86 02 \u00a0 \/\u00a0 0554 577 21 21 \/ [...]Read More","og_url":"https:\/\/gtctrade.com\/tr\/satis\/","og_site_name":"GTC - G&uuml;ne\u015f Sanayi ve Ticaret A.\u015e","article_publisher":"https:\/\/www.facebook.com\/GTCsolarsystems","article_modified_time":"2023-12-04T08:57:50+00:00","og_image":[{"width":1920,"height":1080,"url":"https:\/\/gtctrade.com\/wp-content\/uploads\/2021\/07\/Endustriyel-Cati-Uygulamalari.png","type":"image\/png"}],"twitter_card":"summary_large_image","twitter_site":"@GtcSolar","twitter_misc":{"Tahmini okuma s\u00fcresi":"2 dakika"},"schema":{"@context":"https:\/\/schema.org","@graph":[{"@type":"WebPage","@id":"https:\/\/gtctrade.com\/tr\/satis\/","url":"https:\/\/gtctrade.com\/tr\/satis\/","name":"Sat\u0131\u015f","isPartOf":{"@id":"https:\/\/gtctrade.com\/tr\/#website"},"datePublished":"2021-05-28T09:26:02+00:00","dateModified":"2023-12-04T08:57:50+00:00","breadcrumb":{"@id":"https:\/\/gtctrade.com\/tr\/satis\/#breadcrumb"},"inLanguage":"tr-TR","potentialAction":[{"@type":"ReadAction","target":["https:\/\/gtctrade.com\/tr\/satis\/"]}]},{"@type":"BreadcrumbList","@id":"https:\/\/gtctrade.com\/tr\/satis\/#breadcrumb","itemListElement":[{"@type":"ListItem","position":1,"name":"Anasayfa","item":"https:\/\/gtctrade.com\/tr\/"},{"@type":"ListItem","position":2,"name":"Sat\u0131\u015f"}]},{"@type":"WebSite","@id":"https:\/\/gtctrade.com\/tr\/#website","url":"https:\/\/gtctrade.com\/tr\/","name":"GTC - G&uuml;ne\u015f Sanayi ve Ticaret A.\u015e","description":"G&uuml;ne\u015f Bize Yeter!","publisher":{"@id":"https:\/\/gtctrade.com\/tr\/#organization"},"potentialAction":[{"@type":"SearchAction","target":{"@type":"EntryPoint","urlTemplate":"https:\/\/gtctrade.com\/tr\/?s={search_term_string}"},"query-input":{"@type":"PropertyValueSpecification","valueRequired":true,"valueName":"search_term_string"}}],"inLanguage":"tr-TR"},{"@type":"Organization","@id":"https:\/\/gtctrade.com\/tr\/#organization","name":"G\u00fcne\u015f Sanayi ve Ticaret A.\u015e.","url":"https:\/\/gtctrade.com\/tr\/","logo":{"@type":"ImageObject","inLanguage":"tr-TR","@id":"https:\/\/gtctrade.com\/tr\/#\/schema\/logo\/image\/","url":"https:\/\/gtctrade.com\/wp-content\/uploads\/2021\/04\/gtclogo.png","contentUrl":"https:\/\/gtctrade.com\/wp-content\/uploads\/2021\/04\/gtclogo.png","width":300,"height":148,"caption":"G\u00fcne\u015f Sanayi ve Ticaret A.\u015e."},"image":{"@id":"https:\/\/gtctrade.com\/tr\/#\/schema\/logo\/image\/"},"sameAs":["https:\/\/www.facebook.com\/GTCsolarsystems","https:\/\/x.com\/GtcSolar","https:\/\/www.instagram.com\/gtcsolar\/","https:\/\/www.linkedin.com\/company\/gtc-solar","https:\/\/www.youtube.com\/gtcsolar"]}]}},"_links":{"self":[{"href":"https:\/\/gtctrade.com\/tr\/wp-json\/wp\/v2\/pages\/469","targetHints":{"allow":["GET"]}}],"collection":[{"href":"https:\/\/gtctrade.com\/tr\/wp-json\/wp\/v2\/pages"}],"about":[{"href":"https:\/\/gtctrade.com\/tr\/wp-json\/wp\/v2\/types\/page"}],"author":[{"embeddable":true,"href":"https:\/\/gtctrade.com\/tr\/wp-json\/wp\/v2\/users\/2"}],"replies":[{"embeddable":true,"href":"https:\/\/gtctrade.com\/tr\/wp-json\/wp\/v2\/comments?post=469"}],"version-history":[{"count":33,"href":"https:\/\/gtctrade.com\/tr\/wp-json\/wp\/v2\/pages\/469\/revisions"}],"predecessor-version":[{"id":19750,"href":"https:\/\/gtctrade.com\/tr\/wp-json\/wp\/v2\/pages\/469\/revisions\/19750"}],"wp:attachment":[{"href":"https:\/\/gtctrade.com\/tr\/wp-json\/wp\/v2\/media?parent=469"}],"curies":[{"name":"wp","href":"https:\/\/api.w.org\/{rel}","templated":true}]}}